{"id":2469,"date":"2023-11-27T16:07:21","date_gmt":"2023-11-27T16:07:21","guid":{"rendered":"https:\/\/distracted-leakey.80-74-151-156.plesk.page\/?page_id=2469"},"modified":"2025-10-16T19:05:22","modified_gmt":"2025-10-16T17:05:22","slug":"case-studies-fuer-alle","status":"publish","type":"page","link":"https:\/\/baukulturschweiz.ch\/it\/case-studies-fuer-alle\/","title":{"rendered":"Case Studies f\u00fcr Alle"},"content":{"rendered":"<div data-elementor-type=\"wp-page\" data-elementor-id=\"2469\" class=\"elementor elementor-2469\" data-elementor-post-type=\"page\">\n\t\t\t\t<div class=\"elementor-element elementor-element-718ecafe e-con-full e-flex e-con e-parent\" data-id=\"718ecafe\" data-element_type=\"container\">\n\t\t<div class=\"elementor-element elementor-element-4327f267 e-con-full e-flex e-con e-child\" data-id=\"4327f267\" data-element_type=\"container\">\n\t\t\t\t<div class=\"elementor-element elementor-element-4980207c elementor-widget elementor-widget-heading\" data-id=\"4980207c\" data-element_type=\"widget\" data-widget_type=\"heading.default\">\n\t\t\t\t<div class=\"elementor-widget-container\">\n\t\t\t\t\t<h1 class=\"elementor-heading-title elementor-size-default\">Case Studies per tutti<\/h1>\t\t\t\t<\/div>\n\t\t\t\t<\/div>\n\t\t\t\t<div class=\"elementor-element elementor-element-005fe66 elementor-widget elementor-widget-dcwi-text-block\" data-id=\"005fe66\" data-element_type=\"widget\" data-widget_type=\"dcwi-text-block.default\">\n\t\t\t\t<div class=\"elementor-widget-container\">\n\t\t\t\t\t<div class=\"m-textBlock\" data-no-translation><p>La Svizzera annovera un ampio ventaglio di luoghi diversi tra loro. Quale di questi riveste per voi un ruolo importante? Dove vi sentite particolarmente a vostro agio e dove invece vi sembra che manchi qualcosa? I \u00abCase Studies per tutti\u00bb vi invitano a condividere con gli altri ci\u00f2 che ritenete un\u2019opera ben riuscita, ma anche ci\u00f2 che, invece, vi sembra riuscito meno bene. Che si tratti di un parco, di un grattacielo o di un ponte: caricate un video di trenta secondi, realizzato con videocamera ferma, e selezionate otto domande per descrivere il luogo che avete scelto.<\/p>\n<p>I Case Studies poggiano sul <a href=\"https:\/\/baukulturschweiz.ch\/wp-content\/uploads\/2023\/06\/2022-06-22-164915-sistema-davos-per-una-cultura-della-costruzione-di-qualita.pdf\" target=\"_blank\" rel=\"noopener\">Sistema Davos per qualit\u00e0 nella cultura della costruzione<\/a> e invitano, sulla base degli otto criteri fissati nel sistema di valutazione, a descrivere nel concreto alcuni esempi tratti dalla realt\u00e0.<\/p>\n <\/div>\t\t\t\t<\/div>\n\t\t\t\t<\/div>\n\t\t\t\t<div class=\"elementor-element elementor-element-4fd0088b elementor-widget elementor-widget-dcwi-link\" data-id=\"4fd0088b\" data-element_type=\"widget\" data-widget_type=\"dcwi-link.default\">\n\t\t\t\t<div class=\"elementor-widget-container\">\n\t\t\t\t\t            <div class=\"a-link__wrapper\" data-no-translation>\n                <a href=\"https:\/\/baukulturschweiz.ch\/wp-content\/uploads\/2025\/10\/SIA_Baukultur_Anleitung_Erwachsene_IT_202510.pdf\"  target=\"_blank\"  rel=\"nofollow\"                   class=\"a-link -icon -icon-type-doc_download\"\n                    >\n                    <svg width=\"24\" height=\"24\" viewbox=\"0 0 24 24\" fill=\"none\" xmlns=\"http:\/\/www.w3.org\/2000\/svg\"><path d=\"M20 12.5V6.8C20 5.11984 20 4.27976 19.673 3.63803C19.3854 3.07354 18.9265 2.6146 18.362 2.32698C17.7202 2 16.8802 2 15.2 2H8.8C7.11984 2 6.27976 2 5.63803 2.32698C5.07354 2.6146 4.6146 3.07354 4.32698 3.63803C4 4.27976 4 5.11984 4 6.8V17.2C4 18.8802 4 19.7202 4.32698 20.362C4.6146 20.9265 5.07354 21.3854 5.63803 21.673C6.27976 22 7.1198 22 8.79986 22H12.5M14 11H8M10 15H8M16 7H8M15 19L18 22M18 22L21 19M18 22V16\" stroke=\"white\" stroke-width=\"1.5\" stroke-linecap=\"round\" stroke-linejoin=\"round\"\/><\/svg>                    <span  data-no-translation> Scarica le istruzioni (PDF, 557 KB)<\/span>\n                <\/a>\n            <\/div>\n        \t\t\t\t<\/div>\n\t\t\t\t<\/div>\n\t\t\t\t<div class=\"elementor-element elementor-element-839754c elementor-widget elementor-widget-dcwi-button\" data-id=\"839754c\" data-element_type=\"widget\" data-widget_type=\"dcwi-button.default\">\n\t\t\t\t<div class=\"elementor-widget-container\">\n\t\t\t\t\t        <div class=\"a-button__wrapper\" data-no-translation>\n            <a href=\"https:\/\/baukulturschweiz.ch\/it\/case-einreichen\/\"                 class=\"a-button  -white\"\n               data-label=\"Invia un caso\">Invia un caso<\/a>\n        <\/div>\n        \t\t\t\t<\/div>\n\t\t\t\t<\/div>\n\t\t<div class=\"elementor-element elementor-element-fa2d89b e-con-full u-dcwiSection e-flex e-con e-child\" data-id=\"fa2d89b\" data-element_type=\"container\">\n\t\t\t\t<div class=\"elementor-element elementor-element-82d9ed3 elementor-widget elementor-widget-heading\" data-id=\"82d9ed3\" data-element_type=\"widget\" data-widget_type=\"heading.default\">\n\t\t\t\t<div class=\"elementor-widget-container\">\n\t\t\t\t\t<h1 class=\"elementor-heading-title elementor-size-default\">Case Studies per allieve e allievi<\/h1>\t\t\t\t<\/div>\n\t\t\t\t<\/div>\n\t\t\t\t<div class=\"elementor-element elementor-element-93e60d8 elementor-widget elementor-widget-dcwi-text-block\" data-id=\"93e60d8\" data-element_type=\"widget\" data-widget_type=\"dcwi-text-block.default\">\n\t\t\t\t<div class=\"elementor-widget-container\">\n\t\t\t\t\t<div class=\"m-textBlock\" data-no-translation><p>Parliamo di luoghi che si trovano in Svizzera. C\u2019\u00e8 un luogo che ti sta a cuore, dove ti senti bene? Dove invece senti che ti manca qualcosa? Il luogo pu\u00f2 essere un campo giochi, la tua scuola, un prato o anche una piazza del quartiere; hai piena libert\u00e0 di scegliere un luogo che \u00e8 importante per te.<\/p>\n<p>Potrai rendere visibile agli altri un luogo a cui tu attribuisci valore. Per far conoscere il luogo che hai scelto ti chiediamo di descriverlo brevemente, realizzare una ripresa di mezzo minuto con videocamera ferma e fare una foto. Farai cos\u00ec del tuo luogo preferito un caso di studio, un cosiddetto \u00abCase Study\u00bb. In che modo? Per saperne di pi\u00f9 leggi il PDF con le istruzioni destinate ad allieve e allievi. Vai alla <a href=\"https:\/\/baukulturschweiz.ch\/it\/\" target=\"_blank\" rel=\"noopener\">mappa della Svizzera<\/a> e guarda quali sono i luoghi che sono gi\u00e0 stati descritti.<\/p>\n <\/div>\t\t\t\t<\/div>\n\t\t\t\t<\/div>\n\t\t\t\t<div class=\"elementor-element elementor-element-f9655f3 elementor-widget elementor-widget-dcwi-link\" data-id=\"f9655f3\" data-element_type=\"widget\" data-widget_type=\"dcwi-link.default\">\n\t\t\t\t<div class=\"elementor-widget-container\">\n\t\t\t\t\t            <div class=\"a-link__wrapper\" data-no-translation>\n                <a href=\"https:\/\/baukulturschweiz.ch\/wp-content\/uploads\/2025\/10\/SIA_Baukultur_Anleitung_Lehrer_IT_202510.pdf\"  target=\"_blank\"  rel=\"nofollow\"                   class=\"a-link -icon -icon-type-doc_download\"\n                    >\n                    <svg width=\"24\" height=\"24\" viewbox=\"0 0 24 24\" fill=\"none\" xmlns=\"http:\/\/www.w3.org\/2000\/svg\"><path d=\"M20 12.5V6.8C20 5.11984 20 4.27976 19.673 3.63803C19.3854 3.07354 18.9265 2.6146 18.362 2.32698C17.7202 2 16.8802 2 15.2 2H8.8C7.11984 2 6.27976 2 5.63803 2.32698C5.07354 2.6146 4.6146 3.07354 4.32698 3.63803C4 4.27976 4 5.11984 4 6.8V17.2C4 18.8802 4 19.7202 4.32698 20.362C4.6146 20.9265 5.07354 21.3854 5.63803 21.673C6.27976 22 7.1198 22 8.79986 22H12.5M14 11H8M10 15H8M16 7H8M15 19L18 22M18 22L21 19M18 22V16\" stroke=\"white\" stroke-width=\"1.5\" stroke-linecap=\"round\" stroke-linejoin=\"round\"\/><\/svg>                    <span  data-no-translation> Scarica Le informazioni generali per insegnanti (PDF, 209 KB)<\/span>\n                <\/a>\n            <\/div>\n        \t\t\t\t<\/div>\n\t\t\t\t<\/div>\n\t\t\t\t<div class=\"elementor-element elementor-element-87f2282 elementor-widget elementor-widget-dcwi-link\" data-id=\"87f2282\" data-element_type=\"widget\" data-widget_type=\"dcwi-link.default\">\n\t\t\t\t<div class=\"elementor-widget-container\">\n\t\t\t\t\t            <div class=\"a-link__wrapper\" data-no-translation>\n                <a href=\"https:\/\/baukulturschweiz.ch\/wp-content\/uploads\/2025\/10\/SIA_Baukultur_Anleitung_Schueler_IT_202510.pdf\"  target=\"_blank\"  rel=\"nofollow\"                   class=\"a-link -icon -icon-type-doc_download\"\n                    >\n                    <svg width=\"24\" height=\"24\" viewbox=\"0 0 24 24\" fill=\"none\" xmlns=\"http:\/\/www.w3.org\/2000\/svg\"><path d=\"M20 12.5V6.8C20 5.11984 20 4.27976 19.673 3.63803C19.3854 3.07354 18.9265 2.6146 18.362 2.32698C17.7202 2 16.8802 2 15.2 2H8.8C7.11984 2 6.27976 2 5.63803 2.32698C5.07354 2.6146 4.6146 3.07354 4.32698 3.63803C4 4.27976 4 5.11984 4 6.8V17.2C4 18.8802 4 19.7202 4.32698 20.362C4.6146 20.9265 5.07354 21.3854 5.63803 21.673C6.27976 22 7.1198 22 8.79986 22H12.5M14 11H8M10 15H8M16 7H8M15 19L18 22M18 22L21 19M18 22V16\" stroke=\"white\" stroke-width=\"1.5\" stroke-linecap=\"round\" stroke-linejoin=\"round\"\/><\/svg>                    <span  data-no-translation> Scarica Le istruzioni per le allieve e gli allievi (PDF, 1\u2019521 KB)<\/span>\n                <\/a>\n            <\/div>\n        \t\t\t\t<\/div>\n\t\t\t\t<\/div>\n\t\t\t\t<div class=\"elementor-element elementor-element-2bf9624 elementor-widget elementor-widget-dcwi-button\" data-id=\"2bf9624\" data-element_type=\"widget\" data-widget_type=\"dcwi-button.default\">\n\t\t\t\t<div class=\"elementor-widget-container\">\n\t\t\t\t\t        <div class=\"a-button__wrapper\" data-no-translation>\n            <a href=\"https:\/\/baukulturschweiz.ch\/it\/case-einreichen-schuelerinnen-und-schueler\/\"                 class=\"a-button  -white\"\n               data-label=\"Invia un caso\">Invia un caso<\/a>\n        <\/div>\n        \t\t\t\t<\/div>\n\t\t\t\t<\/div>\n\t\t\t\t<\/div>\n\t\t\t\t<\/div>\n\t\t<div class=\"elementor-element elementor-element-4405f556 e-con-full e-flex e-con e-child\" data-id=\"4405f556\" data-element_type=\"container\">\n\t\t\t\t<div class=\"elementor-element elementor-element-5958beb9 dce_masking-none elementor-widget elementor-widget-image\" data-id=\"5958beb9\" data-element_type=\"widget\" data-widget_type=\"image.default\">\n\t\t\t\t<div class=\"elementor-widget-container\">\n\t\t\t\t\t\t\t\t\t\t\t\t\t\t\t<img fetchpriority=\"high\" decoding=\"async\" width=\"1024\" height=\"720\" src=\"https:\/\/baukulturschweiz.ch\/wp-content\/uploads\/2023\/11\/case-studies-for-all-beispiel-1024x720.jpg\" class=\"attachment-large size-large wp-image-2490\" alt=\"\" srcset=\"https:\/\/baukulturschweiz.ch\/wp-content\/uploads\/2023\/11\/case-studies-for-all-beispiel-1024x720.jpg 1024w, https:\/\/baukulturschweiz.ch\/wp-content\/uploads\/2023\/11\/case-studies-for-all-beispiel-300x211.jpg 300w, https:\/\/baukulturschweiz.ch\/wp-content\/uploads\/2023\/11\/case-studies-for-all-beispiel-768x540.jpg 768w, https:\/\/baukulturschweiz.ch\/wp-content\/uploads\/2023\/11\/case-studies-for-all-beispiel-1536x1081.jpg 1536w, https:\/\/baukulturschweiz.ch\/wp-content\/uploads\/2023\/11\/case-studies-for-all-beispiel-2048x1441.jpg 2048w, https:\/\/baukulturschweiz.ch\/wp-content\/uploads\/2023\/11\/case-studies-for-all-beispiel-18x12.jpg 18w\" sizes=\"(max-width: 1024px) 100vw, 1024px\" \/>\t\t\t\t\t\t\t\t\t\t\t\t\t\t\t<\/div>\n\t\t\t\t<\/div>\n\t\t<div class=\"elementor-element elementor-element-42d4b6d6 e-flex e-con-boxed e-con e-child\" data-id=\"42d4b6d6\" data-element_type=\"container\">\n\t\t\t\t\t<div class=\"e-con-inner\">\n\t\t<div class=\"elementor-element elementor-element-78a2c849 e-con-full e-flex e-con e-child\" data-id=\"78a2c849\" data-element_type=\"container\">\n\t\t\t\t<div class=\"elementor-element elementor-element-669dd84d elementor-widget elementor-widget-dcwi-link\" data-id=\"669dd84d\" data-element_type=\"widget\" data-widget_type=\"dcwi-link.default\">\n\t\t\t\t<div class=\"elementor-widget-container\">\n\t\t\t\t\t<div class=\"do-overlayContainer\"><\/div>            <div class=\"a-link__wrapper\" data-no-translation>\n                <a href=\"\"                     class=\"a-link do-loadCase -icon -icon-type-preview\"\n                    data-post-id=\"507\">\n                    <svg width=\"22\" height=\"16\" viewbox=\"0 0 22 16\" fill=\"none\" xmlns=\"http:\/\/www.w3.org\/2000\/svg\"><path d=\"M1.42012 8.71318C1.28394 8.49754 1.21584 8.38972 1.17772 8.22342C1.14909 8.0985 1.14909 7.9015 1.17772 7.77658C1.21584 7.61028 1.28394 7.50246 1.42012 7.28682C2.54553 5.50484 5.8954 1 11.0004 1C16.1054 1 19.4553 5.50484 20.5807 7.28682C20.7169 7.50246 20.785 7.61028 20.8231 7.77658C20.8517 7.9015 20.8517 8.0985 20.8231 8.22342C20.785 8.38972 20.7169 8.49754 20.5807 8.71318C19.4553 10.4952 16.1054 15 11.0004 15C5.8954 15 2.54553 10.4952 1.42012 8.71318Z\" stroke=\"white\" stroke-width=\"1.5\" stroke-linecap=\"round\" stroke-linejoin=\"round\"\/><path d=\"M11.0004 11C12.6573 11 14.0004 9.65685 14.0004 8C14.0004 6.34315 12.6573 5 11.0004 5C9.34355 5 8.0004 6.34315 8.0004 8C8.0004 9.65685 9.34355 11 11.0004 11Z\" stroke=\"white\" stroke-width=\"1.5\" stroke-linecap=\"round\" stroke-linejoin=\"round\"\/><\/svg>                    <span  data-no-translation>Visualizza l\u2019esempio<\/span>\n                <\/a>\n            <\/div>\n        \t\t\t\t<\/div>\n\t\t\t\t<\/div>\n\t\t\t\t<\/div>\n\t\t\t\t\t<\/div>\n\t\t\t\t<\/div>\n\t\t\t\t<\/div>\n\t\t\t\t<\/div>\n\t\t\t\t<\/div>","protected":false},"excerpt":{"rendered":"<p>Case Studies f\u00fcr alle Die Schweiz hat viele unterschiedliche Orte. Welcher ist f\u00fcr Sie wichtig? Wo f\u00fchlen Sie sich besonders wohl und wo vermissen Sie etwas? Die Case Studies f\u00fcr alle laden dazu ein, Erfahrungen auszutauschen, sowohl was gelungen als auch was weniger gut gelungen ist. Ob Park, Hochhaus oder Br\u00fccke: Laden Sie ein halbmin\u00fctiges [&hellip;]<\/p>","protected":false},"author":1,"featured_media":0,"parent":0,"menu_order":0,"comment_status":"closed","ping_status":"closed","template":"templates\/no-menu-boxed.php","meta":{"_acf_changed":false,"_relevanssi_hide_post":"","_relevanssi_hide_content":"","_relevanssi_pin_for_all":"","_relevanssi_pin_keywords":"","_relevanssi_unpin_keywords":"","_relevanssi_related_keywords":"","_relevanssi_related_include_ids":"","_relevanssi_related_exclude_ids":"","_relevanssi_related_no_append":"","_relevanssi_related_not_related":"","_relevanssi_related_posts":"","_relevanssi_noindex_reason":"","footnotes":""},"class_list":["post-2469","page","type-page","status-publish","hentry"],"acf":[],"yoast_head":"<!-- This site is optimized with the Yoast SEO plugin v26.1.1 - https:\/\/yoast.com\/wordpress\/plugins\/seo\/ -->\n<title>Case Studies f\u00fcr Alle &#8211; Baukultur Schweiz<\/title>\n<meta name=\"robots\" content=\"index, follow, max-snippet:-1, max-image-preview:large, max-video-preview:-1\" \/>\n<link rel=\"canonical\" href=\"https:\/\/baukulturschweiz.ch\/it\/case-studies-fuer-alle\/\" \/>\n<meta property=\"og:locale\" content=\"it_IT\" \/>\n<meta property=\"og:type\" content=\"article\" \/>\n<meta property=\"og:title\" content=\"Case Studies f\u00fcr Alle &#8211; Baukultur Schweiz\" \/>\n<meta property=\"og:description\" content=\"Case Studies f\u00fcr alle Die Schweiz hat viele unterschiedliche Orte. Welcher ist f\u00fcr Sie wichtig? Wo f\u00fchlen Sie sich besonders wohl und wo vermissen Sie etwas? Die Case Studies f\u00fcr alle laden dazu ein, Erfahrungen auszutauschen, sowohl was gelungen als auch was weniger gut gelungen ist. Ob Park, Hochhaus oder Br\u00fccke: Laden Sie ein halbmin\u00fctiges [&hellip;]\" \/>\n<meta property=\"og:url\" content=\"https:\/\/baukulturschweiz.ch\/it\/case-studies-fuer-alle\/\" \/>\n<meta property=\"og:site_name\" content=\"Baukultur Schweiz\" \/>\n<meta property=\"article:modified_time\" content=\"2025-10-16T17:05:22+00:00\" \/>\n<meta property=\"og:image\" content=\"https:\/\/baukulturschweiz.ch\/wp-content\/uploads\/2023\/11\/case-studies-for-all-beispiel.jpg\" \/>\n\t<meta property=\"og:image:width\" content=\"2307\" \/>\n\t<meta property=\"og:image:height\" content=\"1623\" \/>\n\t<meta property=\"og:image:type\" content=\"image\/jpeg\" \/>\n<meta name=\"twitter:card\" content=\"summary_large_image\" \/>\n<meta name=\"twitter:label1\" content=\"Tempo di lettura stimato\" \/>\n\t<meta name=\"twitter:data1\" content=\"2 minuti\" \/>\n<script type=\"application\/ld+json\" class=\"yoast-schema-graph\">{\"@context\":\"https:\/\/schema.org\",\"@graph\":[{\"@type\":\"WebPage\",\"@id\":\"https:\/\/baukulturschweiz.ch\/case-studies-fuer-alle\/\",\"url\":\"https:\/\/baukulturschweiz.ch\/case-studies-fuer-alle\/\",\"name\":\"Case Studies f\u00fcr Alle &#8211; Baukultur Schweiz\",\"isPartOf\":{\"@id\":\"https:\/\/baukulturschweiz.ch\/de\/#website\"},\"primaryImageOfPage\":{\"@id\":\"https:\/\/baukulturschweiz.ch\/case-studies-fuer-alle\/#primaryimage\"},\"image\":{\"@id\":\"https:\/\/baukulturschweiz.ch\/case-studies-fuer-alle\/#primaryimage\"},\"thumbnailUrl\":\"https:\/\/baukulturschweiz.ch\/wp-content\/uploads\/2023\/11\/case-studies-for-all-beispiel-1024x720.jpg\",\"datePublished\":\"2023-11-27T16:07:21+00:00\",\"dateModified\":\"2025-10-16T17:05:22+00:00\",\"breadcrumb\":{\"@id\":\"https:\/\/baukulturschweiz.ch\/case-studies-fuer-alle\/#breadcrumb\"},\"inLanguage\":\"it-IT\",\"potentialAction\":[{\"@type\":\"ReadAction\",\"target\":[\"https:\/\/baukulturschweiz.ch\/case-studies-fuer-alle\/\"]}]},{\"@type\":\"ImageObject\",\"inLanguage\":\"it-IT\",\"@id\":\"https:\/\/baukulturschweiz.ch\/case-studies-fuer-alle\/#primaryimage\",\"url\":\"https:\/\/baukulturschweiz.ch\/wp-content\/uploads\/2023\/11\/case-studies-for-all-beispiel-1024x720.jpg\",\"contentUrl\":\"https:\/\/baukulturschweiz.ch\/wp-content\/uploads\/2023\/11\/case-studies-for-all-beispiel-1024x720.jpg\"},{\"@type\":\"BreadcrumbList\",\"@id\":\"https:\/\/baukulturschweiz.ch\/case-studies-fuer-alle\/#breadcrumb\",\"itemListElement\":[{\"@type\":\"ListItem\",\"position\":1,\"name\":\"Startseite\",\"item\":\"https:\/\/baukulturschweiz.ch\/\"},{\"@type\":\"ListItem\",\"position\":2,\"name\":\"Case Studies f\u00fcr Alle\"}]},{\"@type\":\"WebSite\",\"@id\":\"https:\/\/baukulturschweiz.ch\/de\/#website\",\"url\":\"https:\/\/baukulturschweiz.ch\/de\/\",\"name\":\"Baukultur Schweiz\",\"description\":\"My WordPress Blog\",\"potentialAction\":[{\"@type\":\"SearchAction\",\"target\":{\"@type\":\"EntryPoint\",\"urlTemplate\":\"https:\/\/baukulturschweiz.ch\/de\/?s={search_term_string}\"},\"query-input\":{\"@type\":\"PropertyValueSpecification\",\"valueRequired\":true,\"valueName\":\"search_term_string\"}}],\"inLanguage\":\"it-IT\"}]}<\/script>\n<!-- \/ Yoast SEO plugin. -->","yoast_head_json":{"title":"Case Studies f\u00fcr Alle &#8211; Baukultur Schweiz","robots":{"index":"index","follow":"follow","max-snippet":"max-snippet:-1","max-image-preview":"max-image-preview:large","max-video-preview":"max-video-preview:-1"},"canonical":"https:\/\/baukulturschweiz.ch\/it\/case-studies-fuer-alle\/","og_locale":"it_IT","og_type":"article","og_title":"Case Studies f\u00fcr Alle &#8211; Baukultur Schweiz","og_description":"Case Studies f\u00fcr alle Die Schweiz hat viele unterschiedliche Orte. Welcher ist f\u00fcr Sie wichtig? Wo f\u00fchlen Sie sich besonders wohl und wo vermissen Sie etwas? Die Case Studies f\u00fcr alle laden dazu ein, Erfahrungen auszutauschen, sowohl was gelungen als auch was weniger gut gelungen ist. Ob Park, Hochhaus oder Br\u00fccke: Laden Sie ein halbmin\u00fctiges [&hellip;]","og_url":"https:\/\/baukulturschweiz.ch\/it\/case-studies-fuer-alle\/","og_site_name":"Baukultur Schweiz","article_modified_time":"2025-10-16T17:05:22+00:00","og_image":[{"width":2307,"height":1623,"url":"https:\/\/baukulturschweiz.ch\/wp-content\/uploads\/2023\/11\/case-studies-for-all-beispiel.jpg","type":"image\/jpeg"}],"twitter_card":"summary_large_image","twitter_misc":{"Tempo di lettura stimato":"2 minuti"},"schema":{"@context":"https:\/\/schema.org","@graph":[{"@type":"WebPage","@id":"https:\/\/baukulturschweiz.ch\/case-studies-fuer-alle\/","url":"https:\/\/baukulturschweiz.ch\/case-studies-fuer-alle\/","name":"Case Studies f\u00fcr Alle &#8211; Baukultur Schweiz","isPartOf":{"@id":"https:\/\/baukulturschweiz.ch\/de\/#website"},"primaryImageOfPage":{"@id":"https:\/\/baukulturschweiz.ch\/case-studies-fuer-alle\/#primaryimage"},"image":{"@id":"https:\/\/baukulturschweiz.ch\/case-studies-fuer-alle\/#primaryimage"},"thumbnailUrl":"https:\/\/baukulturschweiz.ch\/wp-content\/uploads\/2023\/11\/case-studies-for-all-beispiel-1024x720.jpg","datePublished":"2023-11-27T16:07:21+00:00","dateModified":"2025-10-16T17:05:22+00:00","breadcrumb":{"@id":"https:\/\/baukulturschweiz.ch\/case-studies-fuer-alle\/#breadcrumb"},"inLanguage":"it-IT","potentialAction":[{"@type":"ReadAction","target":["https:\/\/baukulturschweiz.ch\/case-studies-fuer-alle\/"]}]},{"@type":"ImageObject","inLanguage":"it-IT","@id":"https:\/\/baukulturschweiz.ch\/case-studies-fuer-alle\/#primaryimage","url":"https:\/\/baukulturschweiz.ch\/wp-content\/uploads\/2023\/11\/case-studies-for-all-beispiel-1024x720.jpg","contentUrl":"https:\/\/baukulturschweiz.ch\/wp-content\/uploads\/2023\/11\/case-studies-for-all-beispiel-1024x720.jpg"},{"@type":"BreadcrumbList","@id":"https:\/\/baukulturschweiz.ch\/case-studies-fuer-alle\/#breadcrumb","itemListElement":[{"@type":"ListItem","position":1,"name":"Startseite","item":"https:\/\/baukulturschweiz.ch\/"},{"@type":"ListItem","position":2,"name":"Case Studies f\u00fcr Alle"}]},{"@type":"WebSite","@id":"https:\/\/baukulturschweiz.ch\/de\/#website","url":"https:\/\/baukulturschweiz.ch\/de\/","name":"Cultura della costruzione Svizzera","description":"My WordPress Blog","potentialAction":[{"@type":"SearchAction","target":{"@type":"EntryPoint","urlTemplate":"https:\/\/baukulturschweiz.ch\/de\/?s={search_term_string}"},"query-input":{"@type":"PropertyValueSpecification","valueRequired":true,"valueName":"search_term_string"}}],"inLanguage":"it-IT"}]}},"_links":{"self":[{"href":"https:\/\/baukulturschweiz.ch\/it\/wp-json\/wp\/v2\/pages\/2469","targetHints":{"allow":["GET"]}}],"collection":[{"href":"https:\/\/baukulturschweiz.ch\/it\/wp-json\/wp\/v2\/pages"}],"about":[{"href":"https:\/\/baukulturschweiz.ch\/it\/wp-json\/wp\/v2\/types\/page"}],"author":[{"embeddable":true,"href":"https:\/\/baukulturschweiz.ch\/it\/wp-json\/wp\/v2\/users\/1"}],"replies":[{"embeddable":true,"href":"https:\/\/baukulturschweiz.ch\/it\/wp-json\/wp\/v2\/comments?post=2469"}],"version-history":[{"count":115,"href":"https:\/\/baukulturschweiz.ch\/it\/wp-json\/wp\/v2\/pages\/2469\/revisions"}],"predecessor-version":[{"id":5374,"href":"https:\/\/baukulturschweiz.ch\/it\/wp-json\/wp\/v2\/pages\/2469\/revisions\/5374"}],"wp:attachment":[{"href":"https:\/\/baukulturschweiz.ch\/it\/wp-json\/wp\/v2\/media?parent=2469"}],"curies":[{"name":"wp","href":"https:\/\/api.w.org\/{rel}","templated":true}]}}