{"id":126,"date":"2023-04-05T12:57:16","date_gmt":"2023-04-05T12:57:16","guid":{"rendered":"https:\/\/baukultur.dclabs.ch\/?page_id=126"},"modified":"2024-01-24T08:52:22","modified_gmt":"2024-01-24T07:52:22","slug":"dichiarazione-di-non-responsabilita","status":"publish","type":"page","link":"https:\/\/baukulturschweiz.ch\/it\/dichiarazione-di-non-responsabilita\/","title":{"rendered":"Dichiarazione di non responsabilit\u00e0"},"content":{"rendered":"<div data-elementor-type=\"wp-page\" data-elementor-id=\"126\" class=\"elementor elementor-126\" data-elementor-post-type=\"page\">\n\t\t\t\t<div class=\"elementor-element elementor-element-833234f u-sidePadding e-flex e-con-boxed e-con e-parent\" data-id=\"833234f\" data-element_type=\"container\">\n\t\t\t\t\t<div class=\"e-con-inner\">\n\t\t\t\t<div class=\"elementor-element elementor-element-fba9a7c u-leadText elementor-widget elementor-widget-text-editor\" data-id=\"fba9a7c\" data-element_type=\"widget\" data-no-translation=\"\" data-widget_type=\"text-editor.default\">\n\t\t\t\t<div class=\"elementor-widget-container\">\n\t\t\t\t\t<style>.elementor-element-fba9a7c{display:none !important}<\/style>\t\t\t\t<\/div>\n\t\t\t\t<\/div>\n\t\t\t\t<div class=\"elementor-element elementor-element-02c7afc u-leadText elementor-widget elementor-widget-text-editor\" data-id=\"02c7afc\" data-element_type=\"widget\" data-no-translation=\"\" data-widget_type=\"text-editor.default\">\n\t\t\t\t<div class=\"elementor-widget-container\">\n\t\t\t\t\t<style>.elementor-element-02c7afc{display:none !important}<\/style>\t\t\t\t<\/div>\n\t\t\t\t<\/div>\n\t\t\t\t<div class=\"elementor-element elementor-element-8754e84 u-leadText elementor-widget elementor-widget-text-editor\" data-id=\"8754e84\" data-element_type=\"widget\" data-no-translation=\"\" data-widget_type=\"text-editor.default\">\n\t\t\t\t<div class=\"elementor-widget-container\">\n\t\t\t\t\t<style>.elementor-element-8754e84{display:none !important}<\/style>\t\t\t\t<\/div>\n\t\t\t\t<\/div>\n\t\t\t\t<div class=\"elementor-element elementor-element-560b4a4 u-leadText elementor-widget elementor-widget-text-editor\" data-id=\"560b4a4\" data-element_type=\"widget\" data-no-translation=\"\" data-widget_type=\"text-editor.default\">\n\t\t\t\t<div class=\"elementor-widget-container\">\n\t\t\t\t\t\t\t\t\t<p><strong>Contatti<\/strong><br \/>Cultura della costruzione Svizzera<br \/>c\/o SIA<br \/>Societ\u00e0 svizzera degli ingegneri e degli architetti<br \/>Selnaustrasse 16<br \/>8027 Zurigo<br \/>Svizzera<\/p><p>Telefono: +41 44 283 15 15<br \/>E-mail: <a href=\"mailto:baukultur@sia.ch\">baukultur@sia.ch<\/a><br \/>Pagina Internet: <a href=\"https:\/\/baukulturschweiz.ch\/it\/\">https:\/\/baukulturschweiz.ch\/it\/<\/a><\/p><p><strong>Contenuto dell\u2019offerta online<\/strong><br \/>L\u2019autore non si assume alcuna garanzia per l\u2019attualit\u00e0, la correttezza e la completezza delle informazioni fornite su queste pagine. L\u2019autore delle presenti pagine declina in linea di principio ogni responsabilit\u00e0 per danni materiali o immateriali provocati dall\u2019utilizzo o dal mancato utilizzo delle informazioni fornite, risp. di informazioni false e incomplete, nella misura in cui da parte dell\u2019autore non sussista dolo o grave negligenza comprovabile.<\/p><p>Tutte le offerte sono libere e non vincolanti. L\u2019autore si riserva espressamente il diritto di modificare, integrare, eliminare parti delle proprie pagine o l\u2019intera offerta o di sospenderne temporaneamente o completamente la pubblicazione senza particolare preavviso.<\/p><p><strong>Rinvii e collegamenti<\/strong><br \/>Un obbligo di responsabilit\u00e0 in caso di rinvii diretti o indiretti a pagine Internet di terzi (\u00ablink\u00bb), che non rientrano nella sfera di responsabilit\u00e0 dell\u2019autore, entrerebbe in vigore solo se quest\u2019ultimo fosse a conoscenza dei contenuti e si potesse ragionevolmente pretendere da lui e fosse tecnicamente possibile impedire l\u2019utilizzo in caso di contenuti illeciti. Con la presente, l\u2019autore dichiara espressamente che al momento dell\u2019inserimento del link sulla pagina da collegare tramite link non era riconoscibile alcun contenuto illegale. L\u2019autore non pu\u00f2 influire in alcun modo sulla progettazione attuale o futura, sui contenuti rappresentati o sull\u2019appartenenza delle pagine collegate tramite link. L\u2019autore prende, pertanto, le distanze da qualsiasi contenuto delle pagine collegate tramite link che sia stato modificato dopo l\u2019inserimento del link. Tale dichiarazione mantiene la propria validit\u00e0 per tutti i link e rinvii inseriti nell\u2019ambito della propria offerta Internet, nonch\u00e9 per gli inserimenti di terzi sui moduli e nelle mailing list creati dall\u2019autore. La responsabilit\u00e0 per tutti i contenuti illegali, falsi o incompleti e in particolare per potenziali danni che subentrino dopo l\u2019utilizzo o il mancato utilizzo di siffatte informazioni offerte, compete esclusivamente al fornitore della pagina a cui si \u00e8 rimandato.<\/p><p><strong>Diritto d\u2019autore e diritti su segni distintivi<\/strong><br \/>L\u2019autore si accerta che in tutte le pubblicazioni vengano rispettati i diritti d\u2019autore sulle immagini, sui suoni, sulle scene video e sui testi utilizzati, che si utilizzino immagini, suoni, scene video e testi autoprodotti o che ci si avvalga di immagini, suoni, scene video e testi senza obbligo di licenza. Qualora nell\u2019ambito dell\u2019offerta Internet vengano utilizzati o citati da terzi marchi di fabbrica e di commercio protetti, essi sono soggetti, senza eccezioni, alle disposizioni del diritto su segni distintivi di volta in volta applicabile e ai diritti di propriet\u00e0 dei rispettivi proprietari registrati. Il solo fatto di menzionare dei marchi non permette di dedurre che non siano protetti da diritti di terzi. L\u2019autore della pagina resta il solo detentore dei diritti d\u2019autore sui contenuti pubblicati ed elaborati dall\u2019autore stesso. La riproduzione e l\u2019utilizzo di tali immagini, suoni, scene video e testi in altre pubblicazioni elettroniche o cartacee richiedono la previa autorizzazione espressa dell\u2019autore, in mancanza della quale sono vietati.<\/p><p><strong>Validit\u00e0 giuridica di tale esclusione della responsabilit\u00e0<\/strong><br \/>Tale esclusione della responsabilit\u00e0 va considerata come parte dell\u2019offerta online dalla quale si \u00e8 rimandato alle presenti pagine. Qualora singole sezioni o formulazioni del presente testo non corrispondano pi\u00f9 alla situazione giuridica in vigore o non siano complete, non vengono per questo pregiudicate le restanti parti del documento quanto al loro contenuto e alla relativa validit\u00e0.<\/p>\t\t\t\t\t\t\t\t<\/div>\n\t\t\t\t<\/div>\n\t\t\t\t\t<\/div>\n\t\t\t\t<\/div>\n\t\t<div class=\"elementor-element elementor-element-64414f3 e-flex e-con-boxed e-con e-parent\" data-id=\"64414f3\" data-element_type=\"container\">\n\t\t\t\t\t<div class=\"e-con-inner\">\n\t\t\t\t\t<\/div>\n\t\t\t\t<\/div>\n\t\t\t\t<\/div>","protected":false},"excerpt":{"rendered":"<p>KontaktBaukultur Schweizc\/o SIASchweizerischer Ingenieur- und ArchitektenvereinSelnaustrasse 168027 Z\u00fcrichSchweiz Telefon: +41 44 283 15 15E-Mail: baukultur@sia.chWebSite: baukulturschweiz.ch Inhalt des OnlineangebotesDer Autor \u00fcbernimmt keine Gew\u00e4hr f\u00fcr die Aktualit\u00e4t, Korrektheit und Vollst\u00e4ndigkeit der auf diesen Seiten bereitgestellten Informationen. Grunds\u00e4tzlich ausgeschlossen werden Haftungsanspr\u00fcche gegen den Autor dieser Seiten, die sich auf Sch\u00e4den materieller oder ideeller Art beziehen und durch [&hellip;]<\/p>","protected":false},"author":1,"featured_media":0,"parent":0,"menu_order":0,"comment_status":"closed","ping_status":"closed","template":"","meta":{"_acf_changed":false,"_relevanssi_hide_post":"","_relevanssi_hide_content":"","_relevanssi_pin_for_all":"","_relevanssi_pin_keywords":"","_relevanssi_unpin_keywords":"","_relevanssi_related_keywords":"","_relevanssi_related_include_ids":"","_relevanssi_related_exclude_ids":"","_relevanssi_related_no_append":"","_relevanssi_related_not_related":"","_relevanssi_related_posts":"","_relevanssi_noindex_reason":"","footnotes":""},"class_list":["post-126","page","type-page","status-publish","hentry"],"acf":[],"yoast_head":"<!-- This site is optimized with the Yoast SEO plugin v26.1.1 - https:\/\/yoast.com\/wordpress\/plugins\/seo\/ -->\n<title>Haftungsausschluss &#8211; Baukultur Schweiz<\/title>\n<meta name=\"robots\" content=\"index, follow, max-snippet:-1, max-image-preview:large, max-video-preview:-1\" \/>\n<link rel=\"canonical\" href=\"https:\/\/baukulturschweiz.ch\/it\/dichiarazione-di-non-responsabilita\/\" \/>\n<meta property=\"og:locale\" content=\"it_IT\" \/>\n<meta property=\"og:type\" content=\"article\" \/>\n<meta property=\"og:title\" content=\"Haftungsausschluss &#8211; Baukultur Schweiz\" \/>\n<meta property=\"og:description\" content=\"KontaktBaukultur Schweizc\/o SIASchweizerischer Ingenieur- und ArchitektenvereinSelnaustrasse 168027 Z\u00fcrichSchweiz Telefon: +41 44 283 15 15E-Mail: baukultur@sia.chWebSite: baukulturschweiz.ch Inhalt des OnlineangebotesDer Autor \u00fcbernimmt keine Gew\u00e4hr f\u00fcr die Aktualit\u00e4t, Korrektheit und Vollst\u00e4ndigkeit der auf diesen Seiten bereitgestellten Informationen. Grunds\u00e4tzlich ausgeschlossen werden Haftungsanspr\u00fcche gegen den Autor dieser Seiten, die sich auf Sch\u00e4den materieller oder ideeller Art beziehen und durch [&hellip;]\" \/>\n<meta property=\"og:url\" content=\"https:\/\/baukulturschweiz.ch\/it\/dichiarazione-di-non-responsabilita\/\" \/>\n<meta property=\"og:site_name\" content=\"Baukultur Schweiz\" \/>\n<meta property=\"article:modified_time\" content=\"2024-01-24T07:52:22+00:00\" \/>\n<meta name=\"twitter:card\" content=\"summary_large_image\" \/>\n<meta name=\"twitter:label1\" content=\"Tempo di lettura stimato\" \/>\n\t<meta name=\"twitter:data1\" content=\"12 minuti\" \/>\n<script type=\"application\/ld+json\" class=\"yoast-schema-graph\">{\"@context\":\"https:\/\/schema.org\",\"@graph\":[{\"@type\":\"WebPage\",\"@id\":\"https:\/\/baukulturschweiz.ch\/haftungsausschluss\/\",\"url\":\"https:\/\/baukulturschweiz.ch\/haftungsausschluss\/\",\"name\":\"Haftungsausschluss &#8211; Baukultur Schweiz\",\"isPartOf\":{\"@id\":\"https:\/\/baukulturschweiz.ch\/de\/#website\"},\"datePublished\":\"2023-04-05T12:57:16+00:00\",\"dateModified\":\"2024-01-24T07:52:22+00:00\",\"breadcrumb\":{\"@id\":\"https:\/\/baukulturschweiz.ch\/haftungsausschluss\/#breadcrumb\"},\"inLanguage\":\"it-IT\",\"potentialAction\":[{\"@type\":\"ReadAction\",\"target\":[\"https:\/\/baukulturschweiz.ch\/haftungsausschluss\/\"]}]},{\"@type\":\"BreadcrumbList\",\"@id\":\"https:\/\/baukulturschweiz.ch\/haftungsausschluss\/#breadcrumb\",\"itemListElement\":[{\"@type\":\"ListItem\",\"position\":1,\"name\":\"Startseite\",\"item\":\"https:\/\/baukulturschweiz.ch\/\"},{\"@type\":\"ListItem\",\"position\":2,\"name\":\"Haftungsausschluss\"}]},{\"@type\":\"WebSite\",\"@id\":\"https:\/\/baukulturschweiz.ch\/de\/#website\",\"url\":\"https:\/\/baukulturschweiz.ch\/de\/\",\"name\":\"Baukultur Schweiz\",\"description\":\"My WordPress Blog\",\"potentialAction\":[{\"@type\":\"SearchAction\",\"target\":{\"@type\":\"EntryPoint\",\"urlTemplate\":\"https:\/\/baukulturschweiz.ch\/de\/?s={search_term_string}\"},\"query-input\":{\"@type\":\"PropertyValueSpecification\",\"valueRequired\":true,\"valueName\":\"search_term_string\"}}],\"inLanguage\":\"it-IT\"}]}<\/script>\n<!-- \/ Yoast SEO plugin. -->","yoast_head_json":{"title":"Haftungsausschluss &#8211; Baukultur Schweiz","robots":{"index":"index","follow":"follow","max-snippet":"max-snippet:-1","max-image-preview":"max-image-preview:large","max-video-preview":"max-video-preview:-1"},"canonical":"https:\/\/baukulturschweiz.ch\/it\/dichiarazione-di-non-responsabilita\/","og_locale":"it_IT","og_type":"article","og_title":"Haftungsausschluss &#8211; Baukultur Schweiz","og_description":"KontaktBaukultur Schweizc\/o SIASchweizerischer Ingenieur- und ArchitektenvereinSelnaustrasse 168027 Z\u00fcrichSchweiz Telefon: +41 44 283 15 15E-Mail: baukultur@sia.chWebSite: baukulturschweiz.ch Inhalt des OnlineangebotesDer Autor \u00fcbernimmt keine Gew\u00e4hr f\u00fcr die Aktualit\u00e4t, Korrektheit und Vollst\u00e4ndigkeit der auf diesen Seiten bereitgestellten Informationen. Grunds\u00e4tzlich ausgeschlossen werden Haftungsanspr\u00fcche gegen den Autor dieser Seiten, die sich auf Sch\u00e4den materieller oder ideeller Art beziehen und durch [&hellip;]","og_url":"https:\/\/baukulturschweiz.ch\/it\/dichiarazione-di-non-responsabilita\/","og_site_name":"Baukultur Schweiz","article_modified_time":"2024-01-24T07:52:22+00:00","twitter_card":"summary_large_image","twitter_misc":{"Tempo di lettura stimato":"12 minuti"},"schema":{"@context":"https:\/\/schema.org","@graph":[{"@type":"WebPage","@id":"https:\/\/baukulturschweiz.ch\/haftungsausschluss\/","url":"https:\/\/baukulturschweiz.ch\/haftungsausschluss\/","name":"Haftungsausschluss &#8211; Baukultur Schweiz","isPartOf":{"@id":"https:\/\/baukulturschweiz.ch\/de\/#website"},"datePublished":"2023-04-05T12:57:16+00:00","dateModified":"2024-01-24T07:52:22+00:00","breadcrumb":{"@id":"https:\/\/baukulturschweiz.ch\/haftungsausschluss\/#breadcrumb"},"inLanguage":"it-IT","potentialAction":[{"@type":"ReadAction","target":["https:\/\/baukulturschweiz.ch\/haftungsausschluss\/"]}]},{"@type":"BreadcrumbList","@id":"https:\/\/baukulturschweiz.ch\/haftungsausschluss\/#breadcrumb","itemListElement":[{"@type":"ListItem","position":1,"name":"Startseite","item":"https:\/\/baukulturschweiz.ch\/"},{"@type":"ListItem","position":2,"name":"Haftungsausschluss"}]},{"@type":"WebSite","@id":"https:\/\/baukulturschweiz.ch\/de\/#website","url":"https:\/\/baukulturschweiz.ch\/de\/","name":"Cultura della costruzione Svizzera","description":"My WordPress Blog","potentialAction":[{"@type":"SearchAction","target":{"@type":"EntryPoint","urlTemplate":"https:\/\/baukulturschweiz.ch\/de\/?s={search_term_string}"},"query-input":{"@type":"PropertyValueSpecification","valueRequired":true,"valueName":"search_term_string"}}],"inLanguage":"it-IT"}]}},"_links":{"self":[{"href":"https:\/\/baukulturschweiz.ch\/it\/wp-json\/wp\/v2\/pages\/126","targetHints":{"allow":["GET"]}}],"collection":[{"href":"https:\/\/baukulturschweiz.ch\/it\/wp-json\/wp\/v2\/pages"}],"about":[{"href":"https:\/\/baukulturschweiz.ch\/it\/wp-json\/wp\/v2\/types\/page"}],"author":[{"embeddable":true,"href":"https:\/\/baukulturschweiz.ch\/it\/wp-json\/wp\/v2\/users\/1"}],"replies":[{"embeddable":true,"href":"https:\/\/baukulturschweiz.ch\/it\/wp-json\/wp\/v2\/comments?post=126"}],"version-history":[{"count":32,"href":"https:\/\/baukulturschweiz.ch\/it\/wp-json\/wp\/v2\/pages\/126\/revisions"}],"predecessor-version":[{"id":3007,"href":"https:\/\/baukulturschweiz.ch\/it\/wp-json\/wp\/v2\/pages\/126\/revisions\/3007"}],"wp:attachment":[{"href":"https:\/\/baukulturschweiz.ch\/it\/wp-json\/wp\/v2\/media?parent=126"}],"curies":[{"name":"wp","href":"https:\/\/api.w.org\/{rel}","templated":true}]}}