{"id":126,"date":"2023-04-05T12:57:16","date_gmt":"2023-04-05T12:57:16","guid":{"rendered":"https:\/\/baukultur.dclabs.ch\/?page_id=126"},"modified":"2024-01-24T08:52:22","modified_gmt":"2024-01-24T07:52:22","slug":"clause-de-non-responsabilite","status":"publish","type":"page","link":"https:\/\/baukulturschweiz.ch\/fr\/clause-de-non-responsabilite\/","title":{"rendered":"Clause de non-responsabilit\u00e9"},"content":{"rendered":"<div data-elementor-type=\"wp-page\" data-elementor-id=\"126\" class=\"elementor elementor-126\" data-elementor-post-type=\"page\">\n\t\t\t\t<div class=\"elementor-element elementor-element-833234f u-sidePadding e-flex e-con-boxed e-con e-parent\" data-id=\"833234f\" data-element_type=\"container\">\n\t\t\t\t\t<div class=\"e-con-inner\">\n\t\t\t\t<div class=\"elementor-element elementor-element-fba9a7c u-leadText elementor-widget elementor-widget-text-editor\" data-id=\"fba9a7c\" data-element_type=\"widget\" data-no-translation=\"\" data-widget_type=\"text-editor.default\">\n\t\t\t\t<div class=\"elementor-widget-container\">\n\t\t\t\t\t<style>.elementor-element-fba9a7c{display:none !important}<\/style>\t\t\t\t<\/div>\n\t\t\t\t<\/div>\n\t\t\t\t<div class=\"elementor-element elementor-element-02c7afc u-leadText elementor-widget elementor-widget-text-editor\" data-id=\"02c7afc\" data-element_type=\"widget\" data-no-translation=\"\" data-widget_type=\"text-editor.default\">\n\t\t\t\t<div class=\"elementor-widget-container\">\n\t\t\t\t\t<style>.elementor-element-02c7afc{display:none !important}<\/style>\t\t\t\t<\/div>\n\t\t\t\t<\/div>\n\t\t\t\t<div class=\"elementor-element elementor-element-8754e84 u-leadText elementor-widget elementor-widget-text-editor\" data-id=\"8754e84\" data-element_type=\"widget\" data-no-translation=\"\" data-widget_type=\"text-editor.default\">\n\t\t\t\t<div class=\"elementor-widget-container\">\n\t\t\t\t\t\t\t\t\t<p><strong>Contact<\/strong><br \/>Culture du b\u00e2ti Suisse<br \/>c\/o SIA<br \/>Soci\u00e9t\u00e9 suisse des ing\u00e9nieurs et des architectes<br \/>Selnaustrasse 16<br \/>8027 Zurich<br \/>Suisse<\/p><p>T\u00e9l\u00e9phone\u00a0: +41 44 283 15 15<br \/>Courriel\u00a0: <a href=\"mailto:baukultur@sia.ch\">baukultur@sia.ch<\/a><br \/>Site Internet\u00a0: <a href=\"https:\/\/baukulturschweiz.ch\/\">https:\/\/baukulturschweiz.ch\/fr\/<\/a><\/p><p><strong>Contenu de l\u2019offre en ligne<\/strong><br \/>L\u2019auteur ne garantit pas l\u2019actualit\u00e9, l\u2019exactitude et l\u2019exhaustivit\u00e9 des informations fournies sur ces pages. L\u2019auteur de ces pages d\u00e9cline toute responsabilit\u00e9 pour les dommages mat\u00e9riels et immat\u00e9riels caus\u00e9s par l\u2019utilisation ou la non-utilisation des informations mises \u00e0 disposition, respectivement par des informations erron\u00e9es ou incompl\u00e8tes, pour autant qu\u2019il n\u2019y ait pas de faute intentionnelle ou de n\u00e9gligence grave de la part de l\u2019auteur pouvant \u00eatre d\u00e9montr\u00e9e.<\/p><p>Toutes les offres sont gratuites et non contraignantes. L\u2019auteur se r\u00e9serve express\u00e9ment le droit, sans pr\u00e9avis particulier, de modifier, compl\u00e9ter, ou supprimer une partie de ses pages ou l\u2019offre dans son int\u00e9gralit\u00e9, ou de suspendre temporairement ou totalement ses publications.<\/p><p><strong>Renvois et liens hypertextes<\/strong><br \/>Une obligation de responsabilit\u00e9 en cas de renvois directs ou indirects \u00e0 des sites Internet de tiers (\u00ab\u00a0liens\u00a0\u00bb) qui ne rel\u00e8vent pas de la responsabilit\u00e9 de l\u2019auteur ne prendrait effet que si l\u2019auteur a connaissance des contenus et qu\u2019il serait techniquement r\u00e9alisable et raisonnable d\u2019emp\u00eacher leur utilisation en cas de contenus illicites. Par la pr\u00e9sente, l\u2019auteur d\u00e9clare express\u00e9ment qu\u2019aucun contenu illicite n\u2019\u00e9tait reconnaissable sur les sites vis\u00e9s au moment de leur mise en lien. L\u2019auteur n\u2019a aucune influence sur la conception actuelle ou future, sur les contenus pr\u00e9sent\u00e9s ou sur la paternit\u00e9 des sites vis\u00e9s par un lien. Pour cette raison, l\u2019auteur se distancie de tout contenu des sites vis\u00e9s par un lien qui ont \u00e9t\u00e9 modifi\u00e9s apr\u00e8s leur mise en lien. Cette d\u00e9claration est valable pour tous les liens et renvois ins\u00e9r\u00e9s dans le cadre de son offre Internet ainsi que pour les contributions externes sur des formulaires et des listes de diffusion cr\u00e9\u00e9s par l\u2019auteur. En ce qui concerne tous les contenus illicites, erron\u00e9s ou incomplets, et en particulier en ce qui concerne les dommages \u00e9ventuels r\u00e9sultant de l\u2019utilisation ou de la non-utilisation de telles informations propos\u00e9es, la responsabilit\u00e9 incombe exclusivement au fournisseur du site Internet vis\u00e9 par un lien.<\/p><p><strong>Droit d\u2019auteur et droit des marques<\/strong><br \/>L\u2019auteur veille \u00e0 ce que toutes les publications respectent les droits d\u2019auteur des images, sons, sc\u00e8nes vid\u00e9o et textes utilis\u00e9s, \u00e0 utiliser des images, sons, sc\u00e8nes vid\u00e9o et textes r\u00e9alis\u00e9s par lui-m\u00eame ou \u00e0 recourir \u00e0 des images, sons, sc\u00e8nes vid\u00e9o et textes exempt\u00e9s de licence. Si, dans le cadre de l\u2019offre Internet, des marques et des marques de fabrique prot\u00e9g\u00e9es sont utilis\u00e9es ou, le cas \u00e9ch\u00e9ant, mentionn\u00e9es par des tiers, elles sont soumises, sans exception, aux dispositions du droit des marques en vigueur et aux droits de propri\u00e9t\u00e9 des propri\u00e9taires enregistr\u00e9s respectifs. La seule mention de marques ne permet pas de conclure qu\u2019elles ne sont pas prot\u00e9g\u00e9es par des droits de tiers. L\u2019auteur du site Internet demeure le propri\u00e9taire exclusif du droit d\u2019auteur pour les contenus qu\u2019il a publi\u00e9s et cr\u00e9\u00e9s lui-m\u00eame. La reproduction et l\u2019utilisation de ces images, sons, sc\u00e8nes vid\u00e9o et textes dans d\u2019autres publications \u00e9lectroniques ou imprim\u00e9es sont interdites sans l\u2019autorisation expresse de l\u2019auteur.<\/p><p><strong>Validit\u00e9 juridique de la pr\u00e9sente Clause de non-responsabilit\u00e9<\/strong><br \/>Il y a lieu de consid\u00e9rer la pr\u00e9sente Clause de non-responsabilit\u00e9 comme faisant partie de l\u2019offre en ligne \u00e0 partir de laquelle il est fait r\u00e9f\u00e9rence \u00e0 ces pages. Dans l\u2019\u00e9ventualit\u00e9 o\u00f9 certaines sections ou formulations du pr\u00e9sent texte ne correspondraient plus \u00e0 la situation juridique en vigueur ou ne seraient pas compl\u00e8tes, le contenu et la validit\u00e9 de toutes les autres parties du document ne s\u2019en trouvent pas affect\u00e9s.<\/p>\t\t\t\t\t\t\t\t<\/div>\n\t\t\t\t<\/div>\n\t\t\t\t<div class=\"elementor-element elementor-element-560b4a4 u-leadText elementor-widget elementor-widget-text-editor\" data-id=\"560b4a4\" data-element_type=\"widget\" data-no-translation=\"\" data-widget_type=\"text-editor.default\">\n\t\t\t\t<div class=\"elementor-widget-container\">\n\t\t\t\t\t<style>.elementor-element-560b4a4{display:none !important}<\/style>\t\t\t\t<\/div>\n\t\t\t\t<\/div>\n\t\t\t\t\t<\/div>\n\t\t\t\t<\/div>\n\t\t<div class=\"elementor-element elementor-element-64414f3 e-flex e-con-boxed e-con e-parent\" data-id=\"64414f3\" data-element_type=\"container\">\n\t\t\t\t\t<div class=\"e-con-inner\">\n\t\t\t\t\t<\/div>\n\t\t\t\t<\/div>\n\t\t\t\t<\/div>","protected":false},"excerpt":{"rendered":"<p>KontaktBaukultur Schweizc\/o SIASchweizerischer Ingenieur- und ArchitektenvereinSelnaustrasse 168027 Z\u00fcrichSchweiz Telefon: +41 44 283 15 15E-Mail: baukultur@sia.chWebSite: baukulturschweiz.ch Inhalt des OnlineangebotesDer Autor \u00fcbernimmt keine Gew\u00e4hr f\u00fcr die Aktualit\u00e4t, Korrektheit und Vollst\u00e4ndigkeit der auf diesen Seiten bereitgestellten Informationen. Grunds\u00e4tzlich ausgeschlossen werden Haftungsanspr\u00fcche gegen den Autor dieser Seiten, die sich auf Sch\u00e4den materieller oder ideeller Art beziehen und durch [&hellip;]<\/p>","protected":false},"author":1,"featured_media":0,"parent":0,"menu_order":0,"comment_status":"closed","ping_status":"closed","template":"","meta":{"_acf_changed":false,"_relevanssi_hide_post":"","_relevanssi_hide_content":"","_relevanssi_pin_for_all":"","_relevanssi_pin_keywords":"","_relevanssi_unpin_keywords":"","_relevanssi_related_keywords":"","_relevanssi_related_include_ids":"","_relevanssi_related_exclude_ids":"","_relevanssi_related_no_append":"","_relevanssi_related_not_related":"","_relevanssi_related_posts":"","_relevanssi_noindex_reason":"","footnotes":""},"class_list":["post-126","page","type-page","status-publish","hentry"],"acf":[],"yoast_head":"<!-- This site is optimized with the Yoast SEO plugin v26.1.1 - https:\/\/yoast.com\/wordpress\/plugins\/seo\/ -->\n<title>Haftungsausschluss &#8211; Baukultur Schweiz<\/title>\n<meta name=\"robots\" content=\"index, follow, max-snippet:-1, max-image-preview:large, max-video-preview:-1\" \/>\n<link rel=\"canonical\" href=\"https:\/\/baukulturschweiz.ch\/fr\/clause-de-non-responsabilite\/\" \/>\n<meta property=\"og:locale\" content=\"fr_FR\" \/>\n<meta property=\"og:type\" content=\"article\" \/>\n<meta property=\"og:title\" content=\"Haftungsausschluss &#8211; Baukultur Schweiz\" \/>\n<meta property=\"og:description\" content=\"KontaktBaukultur Schweizc\/o SIASchweizerischer Ingenieur- und ArchitektenvereinSelnaustrasse 168027 Z\u00fcrichSchweiz Telefon: +41 44 283 15 15E-Mail: baukultur@sia.chWebSite: baukulturschweiz.ch Inhalt des OnlineangebotesDer Autor \u00fcbernimmt keine Gew\u00e4hr f\u00fcr die Aktualit\u00e4t, Korrektheit und Vollst\u00e4ndigkeit der auf diesen Seiten bereitgestellten Informationen. Grunds\u00e4tzlich ausgeschlossen werden Haftungsanspr\u00fcche gegen den Autor dieser Seiten, die sich auf Sch\u00e4den materieller oder ideeller Art beziehen und durch [&hellip;]\" \/>\n<meta property=\"og:url\" content=\"https:\/\/baukulturschweiz.ch\/fr\/clause-de-non-responsabilite\/\" \/>\n<meta property=\"og:site_name\" content=\"Baukultur Schweiz\" \/>\n<meta property=\"article:modified_time\" content=\"2024-01-24T07:52:22+00:00\" \/>\n<meta name=\"twitter:card\" content=\"summary_large_image\" \/>\n<meta name=\"twitter:label1\" content=\"Dur\u00e9e de lecture estim\u00e9e\" \/>\n\t<meta name=\"twitter:data1\" content=\"12 minutes\" \/>\n<script type=\"application\/ld+json\" class=\"yoast-schema-graph\">{\"@context\":\"https:\/\/schema.org\",\"@graph\":[{\"@type\":\"WebPage\",\"@id\":\"https:\/\/baukulturschweiz.ch\/haftungsausschluss\/\",\"url\":\"https:\/\/baukulturschweiz.ch\/haftungsausschluss\/\",\"name\":\"Haftungsausschluss &#8211; Baukultur Schweiz\",\"isPartOf\":{\"@id\":\"https:\/\/baukulturschweiz.ch\/de\/#website\"},\"datePublished\":\"2023-04-05T12:57:16+00:00\",\"dateModified\":\"2024-01-24T07:52:22+00:00\",\"breadcrumb\":{\"@id\":\"https:\/\/baukulturschweiz.ch\/haftungsausschluss\/#breadcrumb\"},\"inLanguage\":\"fr-FR\",\"potentialAction\":[{\"@type\":\"ReadAction\",\"target\":[\"https:\/\/baukulturschweiz.ch\/haftungsausschluss\/\"]}]},{\"@type\":\"BreadcrumbList\",\"@id\":\"https:\/\/baukulturschweiz.ch\/haftungsausschluss\/#breadcrumb\",\"itemListElement\":[{\"@type\":\"ListItem\",\"position\":1,\"name\":\"Startseite\",\"item\":\"https:\/\/baukulturschweiz.ch\/\"},{\"@type\":\"ListItem\",\"position\":2,\"name\":\"Haftungsausschluss\"}]},{\"@type\":\"WebSite\",\"@id\":\"https:\/\/baukulturschweiz.ch\/de\/#website\",\"url\":\"https:\/\/baukulturschweiz.ch\/de\/\",\"name\":\"Baukultur Schweiz\",\"description\":\"My WordPress Blog\",\"potentialAction\":[{\"@type\":\"SearchAction\",\"target\":{\"@type\":\"EntryPoint\",\"urlTemplate\":\"https:\/\/baukulturschweiz.ch\/de\/?s={search_term_string}\"},\"query-input\":{\"@type\":\"PropertyValueSpecification\",\"valueRequired\":true,\"valueName\":\"search_term_string\"}}],\"inLanguage\":\"fr-FR\"}]}<\/script>\n<!-- \/ Yoast SEO plugin. -->","yoast_head_json":{"title":"Haftungsausschluss &#8211; Baukultur Schweiz","robots":{"index":"index","follow":"follow","max-snippet":"max-snippet:-1","max-image-preview":"max-image-preview:large","max-video-preview":"max-video-preview:-1"},"canonical":"https:\/\/baukulturschweiz.ch\/fr\/clause-de-non-responsabilite\/","og_locale":"fr_FR","og_type":"article","og_title":"Haftungsausschluss &#8211; Baukultur Schweiz","og_description":"KontaktBaukultur Schweizc\/o SIASchweizerischer Ingenieur- und ArchitektenvereinSelnaustrasse 168027 Z\u00fcrichSchweiz Telefon: +41 44 283 15 15E-Mail: baukultur@sia.chWebSite: baukulturschweiz.ch Inhalt des OnlineangebotesDer Autor \u00fcbernimmt keine Gew\u00e4hr f\u00fcr die Aktualit\u00e4t, Korrektheit und Vollst\u00e4ndigkeit der auf diesen Seiten bereitgestellten Informationen. Grunds\u00e4tzlich ausgeschlossen werden Haftungsanspr\u00fcche gegen den Autor dieser Seiten, die sich auf Sch\u00e4den materieller oder ideeller Art beziehen und durch [&hellip;]","og_url":"https:\/\/baukulturschweiz.ch\/fr\/clause-de-non-responsabilite\/","og_site_name":"Baukultur Schweiz","article_modified_time":"2024-01-24T07:52:22+00:00","twitter_card":"summary_large_image","twitter_misc":{"Dur\u00e9e de lecture estim\u00e9e":"12 minutes"},"schema":{"@context":"https:\/\/schema.org","@graph":[{"@type":"WebPage","@id":"https:\/\/baukulturschweiz.ch\/haftungsausschluss\/","url":"https:\/\/baukulturschweiz.ch\/haftungsausschluss\/","name":"Haftungsausschluss &#8211; Baukultur Schweiz","isPartOf":{"@id":"https:\/\/baukulturschweiz.ch\/de\/#website"},"datePublished":"2023-04-05T12:57:16+00:00","dateModified":"2024-01-24T07:52:22+00:00","breadcrumb":{"@id":"https:\/\/baukulturschweiz.ch\/haftungsausschluss\/#breadcrumb"},"inLanguage":"fr-FR","potentialAction":[{"@type":"ReadAction","target":["https:\/\/baukulturschweiz.ch\/haftungsausschluss\/"]}]},{"@type":"BreadcrumbList","@id":"https:\/\/baukulturschweiz.ch\/haftungsausschluss\/#breadcrumb","itemListElement":[{"@type":"ListItem","position":1,"name":"Startseite","item":"https:\/\/baukulturschweiz.ch\/"},{"@type":"ListItem","position":2,"name":"Haftungsausschluss"}]},{"@type":"WebSite","@id":"https:\/\/baukulturschweiz.ch\/de\/#website","url":"https:\/\/baukulturschweiz.ch\/de\/","name":"Culture du b\u00e2ti Suisse","description":"My WordPress Blog","potentialAction":[{"@type":"SearchAction","target":{"@type":"EntryPoint","urlTemplate":"https:\/\/baukulturschweiz.ch\/de\/?s={search_term_string}"},"query-input":{"@type":"PropertyValueSpecification","valueRequired":true,"valueName":"search_term_string"}}],"inLanguage":"fr-FR"}]}},"_links":{"self":[{"href":"https:\/\/baukulturschweiz.ch\/fr\/wp-json\/wp\/v2\/pages\/126","targetHints":{"allow":["GET"]}}],"collection":[{"href":"https:\/\/baukulturschweiz.ch\/fr\/wp-json\/wp\/v2\/pages"}],"about":[{"href":"https:\/\/baukulturschweiz.ch\/fr\/wp-json\/wp\/v2\/types\/page"}],"author":[{"embeddable":true,"href":"https:\/\/baukulturschweiz.ch\/fr\/wp-json\/wp\/v2\/users\/1"}],"replies":[{"embeddable":true,"href":"https:\/\/baukulturschweiz.ch\/fr\/wp-json\/wp\/v2\/comments?post=126"}],"version-history":[{"count":32,"href":"https:\/\/baukulturschweiz.ch\/fr\/wp-json\/wp\/v2\/pages\/126\/revisions"}],"predecessor-version":[{"id":3007,"href":"https:\/\/baukulturschweiz.ch\/fr\/wp-json\/wp\/v2\/pages\/126\/revisions\/3007"}],"wp:attachment":[{"href":"https:\/\/baukulturschweiz.ch\/fr\/wp-json\/wp\/v2\/media?parent=126"}],"curies":[{"name":"wp","href":"https:\/\/api.w.org\/{rel}","templated":true}]}}