{"id":107,"date":"2023-03-27T08:40:18","date_gmt":"2023-03-27T08:40:18","guid":{"rendered":"http:\/\/baukultur.dclabs.ch\/?page_id=107"},"modified":"2025-10-16T15:45:42","modified_gmt":"2025-10-16T13:45:42","slug":"newsletter","status":"publish","type":"page","link":"https:\/\/baukulturschweiz.ch\/fr\/newsletter\/","title":{"rendered":"S'abonner \u00e0 la newsletter"},"content":{"rendered":"<div data-elementor-type=\"wp-page\" data-elementor-id=\"107\" class=\"elementor elementor-107\" data-elementor-post-type=\"page\">\n\t\t\t\t<div class=\"elementor-element elementor-element-bf49e1f u-sidePadding e-flex e-con-boxed e-con e-parent\" data-id=\"bf49e1f\" data-element_type=\"container\" data-no-translation=\"\">\n\t\t\t\t\t<div class=\"e-con-inner\">\n\t\t\t\t<div class=\"elementor-element elementor-element-7a8cc14 o-dcwiForm elementor-widget elementor-widget-html\" data-id=\"7a8cc14\" data-element_type=\"widget\" data-widget_type=\"html.default\">\n\t\t\t\t<div class=\"elementor-widget-container\">\n\t\t\t\t\t<form data-form-language=\"fr\" id=\"contact_form_2_fr\"\n      class=\"contact_form contact_form_fr validate_type_all contact_form_cols_1\"\n      action=\"\/\/web.swissnewsletter.ch\/e\/7813fb3ceba283ab\/form\/fr\/anmeldeformular_fr.html\"\n      method=\"post\" novalidate=\"novalidate\" data-trp-original-action=\"\/\/web.swissnewsletter.ch\/e\/7813fb3ceba283ab\/form\/fr\/anmeldeformular_fr.html\">\n    <ul class=\"field_errors\"><\/ul>\n    <div class=\"col_0\">\n        <p class=\"text  u-leadText u-noMargin\" id=\"text_20\">La newsletter de Culture du b\u00e2ti Suisse est gratuite et vous\n            informe sur les articles sp\u00e9cialis\u00e9s, les cas, les consultations actuelles sur les normes, les nouveaut\u00e9s\n            dans\n            le domaine de la culture du b\u00e2ti.<br\/>\n            Veuillez remplir tous les champs obligatoires marqu\u00e9s d'un *.<\/p>\n        <div class=\"field_container contact_field_container\"\n             id=\"contact_field_title_container\">\n            <label for=\"data_contact_title\">Titre suppl\u00e9ment <span class=\"required\">*<\/span><\/label>\n            <ul class=\"field_errors\"><\/ul>\n            <select id=\"data_contact_title\" name=\"data[contact][title]\" required=\"required\">\n                <option value=\"\" selected=\"selected\">Veuillez choisir<\/option>\n                <option value=\"male\">Monsieur<\/option>\n                <option value=\"female\">Madame<\/option>\n                <option value=\"diverse\">autre<\/option>\n                <option value=\"family\">Famille<\/option>\n                <option value=\"company\">Organisation<\/option>\n            <\/select>\n        <\/div>\n        <div class=\"field_container contact_field_container\"\n             id=\"contact_field_firstname_container\">\n            <label for=\"data_contact_firstname\">Pr\u00e9nom <span class=\"required\">*<\/span><\/label>\n            <ul class=\"field_errors\"><\/ul>\n            <input type=\"text\" id=\"data_contact_firstname\" name=\"data[contact][firstname]\" required=\"required\">\n        <\/div>\n        <div class=\"field_container contact_field_container\"\n             id=\"contact_field_lastname_container\">\n            <label for=\"data_contact_lastname\">Nom <span class=\"required\">*<\/span><\/label>\n            <ul class=\"field_errors\"><\/ul>\n            <input type=\"text\" id=\"data_contact_lastname\" name=\"data[contact][lastname]\" required=\"required\">\n        <\/div>\n        <div class=\"field_container contact_field_container\"\n             id=\"contact_field_email_container\">\n            <label for=\"data_contact_email\">Adresse e-mail <span class=\"required\">*<\/span><\/label>\n            <ul class=\"field_errors\"><\/ul>\n            <input type=\"text\" id=\"data_contact_email\" name=\"data[contact][email]\" required=\"required\">\n        <\/div>\n        <div class=\"field_container contact_field_container\"\n             id=\"contact_field_company_container\">\n            <label for=\"data_contact_company\">Soci\u00e9t\u00e9<\/label>\n            <ul class=\"field_errors\"><\/ul>\n            <input type=\"text\" id=\"data_contact_company\" name=\"data[contact][company]\">\n        <\/div>\n        <div class=\"submit_container\">\n            <input class=\"submit_button\" id=\"submit_button_14\" type=\"submit\" value=\"Envoyer\">\n        <\/div>\n        <p class=\"text\" id=\"text_21\">Vous trouverez toutes les informations relatives \u00e0 la protection des donn\u00e9es dans notre\n            <a href=\"https:\/\/baukulturschweiz.ch\/fr\/declaration-de-confidentialite\/\" target=\"_blank\">d\u00e9claration de confidentialit\u00e9<\/a>.<\/p>\n    <\/div>\n    <input type=\"hidden\" id=\"data_form_version\" name=\"data[form_version]\" value=\"5_0\">\n    <input type=\"hidden\" id=\"data_referrer\" name=\"data[referrer]\">\n    <input type=\"hidden\" id=\"data_form_validate_data\" name=\"form_validate_data\"\n           value='{\"data_contact_title\":{\"constrains\":{\"required\":true},\"transformer\":\"select\"},\"data_contact_email\":{\"constrains\":{\"required\":true}},\"data_contact_company\":{\"constrains\":[]},\"data_contact_firstname\":{\"constrains\":{\"required\":true}},\"data_contact_lastname\":{\"constrains\":{\"required\":true}}}'>\n    <input type=\"hidden\" id=\"data_form_id\" name=\"data[form_id]\" value=\"2\">\n    <input type=\"hidden\" id=\"data_form_language\" name=\"data[form_language]\" value=\"fr\">\n\n    <script type=\"text\/javascript\">\n        var inputReferrer = document.getElementById('data_referrer');\n        if (inputReferrer) {\n            inputReferrer.value = window.location.href;\n        }\n    <\/script>\n<input type=\"hidden\" name=\"trp-form-language\" value=\"fr\"\/><\/form>\t\t\t\t<\/div>\n\t\t\t\t<\/div>\n\t\t\t\t\t<\/div>\n\t\t\t\t<\/div>\n\t\t\t\t<\/div>","protected":false},"excerpt":{"rendered":"<p>Der Baukultur Schweiz Newsletter ist kostenlos und informiert \u00fcber Fachartikel, Cases, aktuelle Vernehmlassungen zu Normen, Neuigkeiten aus dem Baukultur Bereich. Bitte f\u00fcllen Sie alle Pflichtfelder die mit * markiert sind aus. Anredeart * &#8212; Bitte w\u00e4hlen &#8212;HerrFrauDiversFamilieFirma Vorname * Nachname * E-Mail Adresse * Organisation Alle Informationen zum Datenschutz erhalten Sie in unserer Datenschutzerkl\u00e4rung. La [&hellip;]<\/p>","protected":false},"author":1,"featured_media":0,"parent":0,"menu_order":0,"comment_status":"closed","ping_status":"closed","template":"","meta":{"_acf_changed":false,"_relevanssi_hide_post":"","_relevanssi_hide_content":"","_relevanssi_pin_for_all":"","_relevanssi_pin_keywords":"","_relevanssi_unpin_keywords":"","_relevanssi_related_keywords":"","_relevanssi_related_include_ids":"","_relevanssi_related_exclude_ids":"","_relevanssi_related_no_append":"","_relevanssi_related_not_related":"","_relevanssi_related_posts":"","_relevanssi_noindex_reason":"","footnotes":""},"class_list":["post-107","page","type-page","status-publish","hentry"],"acf":[],"yoast_head":"<!-- This site is optimized with the Yoast SEO plugin v26.1.1 - https:\/\/yoast.com\/wordpress\/plugins\/seo\/ -->\n<title>Newsletter abonnieren &#8211; Baukultur Schweiz<\/title>\n<meta name=\"robots\" content=\"index, follow, max-snippet:-1, max-image-preview:large, max-video-preview:-1\" \/>\n<link rel=\"canonical\" href=\"https:\/\/baukulturschweiz.ch\/fr\/newsletter\/\" \/>\n<meta property=\"og:locale\" content=\"fr_FR\" \/>\n<meta property=\"og:type\" content=\"article\" \/>\n<meta property=\"og:title\" content=\"Newsletter abonnieren &#8211; Baukultur Schweiz\" \/>\n<meta property=\"og:description\" content=\"Der Baukultur Schweiz Newsletter ist kostenlos und informiert \u00fcber Fachartikel, Cases, aktuelle Vernehmlassungen zu Normen, Neuigkeiten aus dem Baukultur Bereich. Bitte f\u00fcllen Sie alle Pflichtfelder die mit * markiert sind aus. Anredeart * &#8212; Bitte w\u00e4hlen &#8212;HerrFrauDiversFamilieFirma Vorname * Nachname * E-Mail Adresse * Organisation Alle Informationen zum Datenschutz erhalten Sie in unserer Datenschutzerkl\u00e4rung. La [&hellip;]\" \/>\n<meta property=\"og:url\" content=\"https:\/\/baukulturschweiz.ch\/fr\/newsletter\/\" \/>\n<meta property=\"og:site_name\" content=\"Baukultur Schweiz\" \/>\n<meta property=\"article:modified_time\" content=\"2025-10-16T13:45:42+00:00\" \/>\n<meta name=\"twitter:card\" content=\"summary_large_image\" \/>\n<meta name=\"twitter:label1\" content=\"Dur\u00e9e de lecture estim\u00e9e\" \/>\n\t<meta name=\"twitter:data1\" content=\"2 minutes\" \/>\n<script type=\"application\/ld+json\" class=\"yoast-schema-graph\">{\"@context\":\"https:\/\/schema.org\",\"@graph\":[{\"@type\":\"WebPage\",\"@id\":\"https:\/\/baukulturschweiz.ch\/newsletter\/\",\"url\":\"https:\/\/baukulturschweiz.ch\/newsletter\/\",\"name\":\"Newsletter abonnieren &#8211; Baukultur Schweiz\",\"isPartOf\":{\"@id\":\"https:\/\/baukulturschweiz.ch\/de\/#website\"},\"datePublished\":\"2023-03-27T08:40:18+00:00\",\"dateModified\":\"2025-10-16T13:45:42+00:00\",\"breadcrumb\":{\"@id\":\"https:\/\/baukulturschweiz.ch\/newsletter\/#breadcrumb\"},\"inLanguage\":\"fr-FR\",\"potentialAction\":[{\"@type\":\"ReadAction\",\"target\":[\"https:\/\/baukulturschweiz.ch\/newsletter\/\"]}]},{\"@type\":\"BreadcrumbList\",\"@id\":\"https:\/\/baukulturschweiz.ch\/newsletter\/#breadcrumb\",\"itemListElement\":[{\"@type\":\"ListItem\",\"position\":1,\"name\":\"Startseite\",\"item\":\"https:\/\/baukulturschweiz.ch\/\"},{\"@type\":\"ListItem\",\"position\":2,\"name\":\"Newsletter abonnieren\"}]},{\"@type\":\"WebSite\",\"@id\":\"https:\/\/baukulturschweiz.ch\/de\/#website\",\"url\":\"https:\/\/baukulturschweiz.ch\/de\/\",\"name\":\"Baukultur Schweiz\",\"description\":\"My WordPress Blog\",\"potentialAction\":[{\"@type\":\"SearchAction\",\"target\":{\"@type\":\"EntryPoint\",\"urlTemplate\":\"https:\/\/baukulturschweiz.ch\/de\/?s={search_term_string}\"},\"query-input\":{\"@type\":\"PropertyValueSpecification\",\"valueRequired\":true,\"valueName\":\"search_term_string\"}}],\"inLanguage\":\"fr-FR\"}]}<\/script>\n<!-- \/ Yoast SEO plugin. -->","yoast_head_json":{"title":"Newsletter abonnieren &#8211; Baukultur Schweiz","robots":{"index":"index","follow":"follow","max-snippet":"max-snippet:-1","max-image-preview":"max-image-preview:large","max-video-preview":"max-video-preview:-1"},"canonical":"https:\/\/baukulturschweiz.ch\/fr\/newsletter\/","og_locale":"fr_FR","og_type":"article","og_title":"Newsletter abonnieren &#8211; Baukultur Schweiz","og_description":"Der Baukultur Schweiz Newsletter ist kostenlos und informiert \u00fcber Fachartikel, Cases, aktuelle Vernehmlassungen zu Normen, Neuigkeiten aus dem Baukultur Bereich. Bitte f\u00fcllen Sie alle Pflichtfelder die mit * markiert sind aus. Anredeart * &#8212; Bitte w\u00e4hlen &#8212;HerrFrauDiversFamilieFirma Vorname * Nachname * E-Mail Adresse * Organisation Alle Informationen zum Datenschutz erhalten Sie in unserer Datenschutzerkl\u00e4rung. La [&hellip;]","og_url":"https:\/\/baukulturschweiz.ch\/fr\/newsletter\/","og_site_name":"Baukultur Schweiz","article_modified_time":"2025-10-16T13:45:42+00:00","twitter_card":"summary_large_image","twitter_misc":{"Dur\u00e9e de lecture estim\u00e9e":"2 minutes"},"schema":{"@context":"https:\/\/schema.org","@graph":[{"@type":"WebPage","@id":"https:\/\/baukulturschweiz.ch\/newsletter\/","url":"https:\/\/baukulturschweiz.ch\/newsletter\/","name":"Newsletter abonnieren &#8211; Baukultur Schweiz","isPartOf":{"@id":"https:\/\/baukulturschweiz.ch\/de\/#website"},"datePublished":"2023-03-27T08:40:18+00:00","dateModified":"2025-10-16T13:45:42+00:00","breadcrumb":{"@id":"https:\/\/baukulturschweiz.ch\/newsletter\/#breadcrumb"},"inLanguage":"fr-FR","potentialAction":[{"@type":"ReadAction","target":["https:\/\/baukulturschweiz.ch\/newsletter\/"]}]},{"@type":"BreadcrumbList","@id":"https:\/\/baukulturschweiz.ch\/newsletter\/#breadcrumb","itemListElement":[{"@type":"ListItem","position":1,"name":"Startseite","item":"https:\/\/baukulturschweiz.ch\/"},{"@type":"ListItem","position":2,"name":"Newsletter abonnieren"}]},{"@type":"WebSite","@id":"https:\/\/baukulturschweiz.ch\/de\/#website","url":"https:\/\/baukulturschweiz.ch\/de\/","name":"Culture du b\u00e2ti Suisse","description":"My WordPress Blog","potentialAction":[{"@type":"SearchAction","target":{"@type":"EntryPoint","urlTemplate":"https:\/\/baukulturschweiz.ch\/de\/?s={search_term_string}"},"query-input":{"@type":"PropertyValueSpecification","valueRequired":true,"valueName":"search_term_string"}}],"inLanguage":"fr-FR"}]}},"_links":{"self":[{"href":"https:\/\/baukulturschweiz.ch\/fr\/wp-json\/wp\/v2\/pages\/107","targetHints":{"allow":["GET"]}}],"collection":[{"href":"https:\/\/baukulturschweiz.ch\/fr\/wp-json\/wp\/v2\/pages"}],"about":[{"href":"https:\/\/baukulturschweiz.ch\/fr\/wp-json\/wp\/v2\/types\/page"}],"author":[{"embeddable":true,"href":"https:\/\/baukulturschweiz.ch\/fr\/wp-json\/wp\/v2\/users\/1"}],"replies":[{"embeddable":true,"href":"https:\/\/baukulturschweiz.ch\/fr\/wp-json\/wp\/v2\/comments?post=107"}],"version-history":[{"count":147,"href":"https:\/\/baukulturschweiz.ch\/fr\/wp-json\/wp\/v2\/pages\/107\/revisions"}],"predecessor-version":[{"id":5337,"href":"https:\/\/baukulturschweiz.ch\/fr\/wp-json\/wp\/v2\/pages\/107\/revisions\/5337"}],"wp:attachment":[{"href":"https:\/\/baukulturschweiz.ch\/fr\/wp-json\/wp\/v2\/media?parent=107"}],"curies":[{"name":"wp","href":"https:\/\/api.w.org\/{rel}","templated":true}]}}