{"id":126,"date":"2023-04-05T12:57:16","date_gmt":"2023-04-05T12:57:16","guid":{"rendered":"https:\/\/baukultur.dclabs.ch\/?page_id=126"},"modified":"2024-01-24T08:52:22","modified_gmt":"2024-01-24T07:52:22","slug":"exclusion-of-liability","status":"publish","type":"page","link":"https:\/\/baukulturschweiz.ch\/en\/exclusion-of-liability\/","title":{"rendered":"Exclusion of liability"},"content":{"rendered":"<div data-elementor-type=\"wp-page\" data-elementor-id=\"126\" class=\"elementor elementor-126\" data-elementor-post-type=\"page\">\n\t\t\t\t<div class=\"elementor-element elementor-element-833234f u-sidePadding e-flex e-con-boxed e-con e-parent\" data-id=\"833234f\" data-element_type=\"container\">\n\t\t\t\t\t<div class=\"e-con-inner\">\n\t\t\t\t<div class=\"elementor-element elementor-element-fba9a7c u-leadText elementor-widget elementor-widget-text-editor\" data-id=\"fba9a7c\" data-element_type=\"widget\" data-no-translation=\"\" data-widget_type=\"text-editor.default\">\n\t\t\t\t<div class=\"elementor-widget-container\">\n\t\t\t\t\t<style>.elementor-element-fba9a7c{display:none !important}<\/style>\t\t\t\t<\/div>\n\t\t\t\t<\/div>\n\t\t\t\t<div class=\"elementor-element elementor-element-02c7afc u-leadText elementor-widget elementor-widget-text-editor\" data-id=\"02c7afc\" data-element_type=\"widget\" data-no-translation=\"\" data-widget_type=\"text-editor.default\">\n\t\t\t\t<div class=\"elementor-widget-container\">\n\t\t\t\t\t\t\t\t\t<p><strong>Contact<\/strong><br \/>Baukultur Switzerland<br \/>c\/o SIA<br \/>Swiss Society of Engineers and Architects<br \/>Selnaustrasse 16<br \/>8027 Zurich<br \/>Switzerland<\/p><p>Telephone: +41 44 283 15 15<br \/>e-mail: <a href=\"mailto:baukultur@sia.ch\">baukultur@sia.ch<\/a><br \/>WebSite: <a href=\"https:\/\/baukulturschweiz.ch\/en\/\">https:\/\/baukulturschweiz.ch\/en\/<\/a><\/p><p><strong>Content of the online offer<br \/><\/strong>The author assumes no liability for the currency, correctness and completeness of the information provided on these pages. Liability claims against the author of these pages based on material or intangible damage caused by the use or non-use of the information provided or by incorrect or incomplete information are generally excluded, in the absence of demonstrable wilful intent or gross negligence on the part of the author.<\/p><p>All offers are free and non-binding. The author expressly reserves the right to change, supplement or remove parts of its pages or the entire offer without special notice or to cease publication temporarily or entirely.<\/p><p><strong>Links and hyperlinks<\/strong><br \/>The author shall not be liable for any direct or indirect links to external websites outside its area of responsibility, unless the author is aware of the content and it would be technically feasible and realistic to prevent use in case of illegal content. The author hereby expressly declares that no illegal content whatsoever was recognisable on the pages to be linked at the time the links were created. The author has no control whatsoever over the current or future design, displayed content or copyright of the linked pages. The author therefore disclaims any responsibility for any content of the linked pages that was changed after the link was created. This declaration remains valid for all links and hyperlinks set within the author\u2019s own website and for external entries in forms and mailing lists set up by the author. Solely the provider of the linked page shall be liable for any illegal, false or incomplete content, particularly for possible damages arising from the use or non-use of such information.<\/p><p><strong>Copyright and trademark rights <\/strong><br \/>The author shall ensure that the copyrights of the images, sounds, video scenes and texts used are observed in all publications, that self-created images, sounds, video scenes and texts are used or that licence-free images, sounds, video scenes and texts are utilised. Any protected brand names and trademarks used within the website or mentioned by third parties are subject without exception to the provisions of the applicable trademark law and the ownership rights of the respective registered owners. It cannot be concluded from the mere mention of such trademarks that they are not protected by third-party rights! The copyright for published and self-created objects shall remain solely with the author of the site. It is prohibited to reproduce and use any such images, sounds, videoclips and texts in other electronic or printed publications without the author\u2019s express consent.<\/p><p><strong>Legal validity of this Exclusion of liability<\/strong><br \/>This Exclusion of liability shall be regarded as part of the online offer from which reference was made to these pages. If any individual sections or phrases of this text cease to correspond to the current legal situation or are incomplete, all other parts of the document shall remain unaffected in terms of their content and validity.<\/p>\t\t\t\t\t\t\t\t<\/div>\n\t\t\t\t<\/div>\n\t\t\t\t<div class=\"elementor-element elementor-element-8754e84 u-leadText elementor-widget elementor-widget-text-editor\" data-id=\"8754e84\" data-element_type=\"widget\" data-no-translation=\"\" data-widget_type=\"text-editor.default\">\n\t\t\t\t<div class=\"elementor-widget-container\">\n\t\t\t\t\t<style>.elementor-element-8754e84{display:none !important}<\/style>\t\t\t\t<\/div>\n\t\t\t\t<\/div>\n\t\t\t\t<div class=\"elementor-element elementor-element-560b4a4 u-leadText elementor-widget elementor-widget-text-editor\" data-id=\"560b4a4\" data-element_type=\"widget\" data-no-translation=\"\" data-widget_type=\"text-editor.default\">\n\t\t\t\t<div class=\"elementor-widget-container\">\n\t\t\t\t\t<style>.elementor-element-560b4a4{display:none !important}<\/style>\t\t\t\t<\/div>\n\t\t\t\t<\/div>\n\t\t\t\t\t<\/div>\n\t\t\t\t<\/div>\n\t\t<div class=\"elementor-element elementor-element-64414f3 e-flex e-con-boxed e-con e-parent\" data-id=\"64414f3\" data-element_type=\"container\">\n\t\t\t\t\t<div class=\"e-con-inner\">\n\t\t\t\t\t<\/div>\n\t\t\t\t<\/div>\n\t\t\t\t<\/div>","protected":false},"excerpt":{"rendered":"<p>KontaktBaukultur Schweizc\/o SIASchweizerischer Ingenieur- und ArchitektenvereinSelnaustrasse 168027 Z\u00fcrichSchweiz Telefon: +41 44 283 15 15E-Mail: baukultur@sia.chWebSite: baukulturschweiz.ch Inhalt des OnlineangebotesDer Autor \u00fcbernimmt keine Gew\u00e4hr f\u00fcr die Aktualit\u00e4t, Korrektheit und Vollst\u00e4ndigkeit der auf diesen Seiten bereitgestellten Informationen. Grunds\u00e4tzlich ausgeschlossen werden Haftungsanspr\u00fcche gegen den Autor dieser Seiten, die sich auf Sch\u00e4den materieller oder ideeller Art beziehen und durch [&hellip;]<\/p>","protected":false},"author":1,"featured_media":0,"parent":0,"menu_order":0,"comment_status":"closed","ping_status":"closed","template":"","meta":{"_acf_changed":false,"_relevanssi_hide_post":"","_relevanssi_hide_content":"","_relevanssi_pin_for_all":"","_relevanssi_pin_keywords":"","_relevanssi_unpin_keywords":"","_relevanssi_related_keywords":"","_relevanssi_related_include_ids":"","_relevanssi_related_exclude_ids":"","_relevanssi_related_no_append":"","_relevanssi_related_not_related":"","_relevanssi_related_posts":"","_relevanssi_noindex_reason":"","footnotes":""},"class_list":["post-126","page","type-page","status-publish","hentry"],"acf":[],"yoast_head":"<!-- This site is optimized with the Yoast SEO plugin v26.1.1 - https:\/\/yoast.com\/wordpress\/plugins\/seo\/ -->\n<title>Haftungsausschluss &#8211; Baukultur Schweiz<\/title>\n<meta name=\"robots\" content=\"index, follow, max-snippet:-1, max-image-preview:large, max-video-preview:-1\" \/>\n<link rel=\"canonical\" href=\"https:\/\/baukulturschweiz.ch\/en\/exclusion-of-liability\/\" \/>\n<meta property=\"og:locale\" content=\"en_GB\" \/>\n<meta property=\"og:type\" content=\"article\" \/>\n<meta property=\"og:title\" content=\"Haftungsausschluss &#8211; Baukultur Schweiz\" \/>\n<meta property=\"og:description\" content=\"KontaktBaukultur Schweizc\/o SIASchweizerischer Ingenieur- und ArchitektenvereinSelnaustrasse 168027 Z\u00fcrichSchweiz Telefon: +41 44 283 15 15E-Mail: baukultur@sia.chWebSite: baukulturschweiz.ch Inhalt des OnlineangebotesDer Autor \u00fcbernimmt keine Gew\u00e4hr f\u00fcr die Aktualit\u00e4t, Korrektheit und Vollst\u00e4ndigkeit der auf diesen Seiten bereitgestellten Informationen. Grunds\u00e4tzlich ausgeschlossen werden Haftungsanspr\u00fcche gegen den Autor dieser Seiten, die sich auf Sch\u00e4den materieller oder ideeller Art beziehen und durch [&hellip;]\" \/>\n<meta property=\"og:url\" content=\"https:\/\/baukulturschweiz.ch\/en\/exclusion-of-liability\/\" \/>\n<meta property=\"og:site_name\" content=\"Baukultur Schweiz\" \/>\n<meta property=\"article:modified_time\" content=\"2024-01-24T07:52:22+00:00\" \/>\n<meta name=\"twitter:card\" content=\"summary_large_image\" \/>\n<meta name=\"twitter:label1\" content=\"Estimated reading time\" \/>\n\t<meta name=\"twitter:data1\" content=\"12 minutes\" \/>\n<script type=\"application\/ld+json\" class=\"yoast-schema-graph\">{\"@context\":\"https:\/\/schema.org\",\"@graph\":[{\"@type\":\"WebPage\",\"@id\":\"https:\/\/baukulturschweiz.ch\/haftungsausschluss\/\",\"url\":\"https:\/\/baukulturschweiz.ch\/haftungsausschluss\/\",\"name\":\"Haftungsausschluss &#8211; Baukultur Schweiz\",\"isPartOf\":{\"@id\":\"https:\/\/baukulturschweiz.ch\/de\/#website\"},\"datePublished\":\"2023-04-05T12:57:16+00:00\",\"dateModified\":\"2024-01-24T07:52:22+00:00\",\"breadcrumb\":{\"@id\":\"https:\/\/baukulturschweiz.ch\/haftungsausschluss\/#breadcrumb\"},\"inLanguage\":\"en-GB\",\"potentialAction\":[{\"@type\":\"ReadAction\",\"target\":[\"https:\/\/baukulturschweiz.ch\/haftungsausschluss\/\"]}]},{\"@type\":\"BreadcrumbList\",\"@id\":\"https:\/\/baukulturschweiz.ch\/haftungsausschluss\/#breadcrumb\",\"itemListElement\":[{\"@type\":\"ListItem\",\"position\":1,\"name\":\"Startseite\",\"item\":\"https:\/\/baukulturschweiz.ch\/\"},{\"@type\":\"ListItem\",\"position\":2,\"name\":\"Haftungsausschluss\"}]},{\"@type\":\"WebSite\",\"@id\":\"https:\/\/baukulturschweiz.ch\/de\/#website\",\"url\":\"https:\/\/baukulturschweiz.ch\/de\/\",\"name\":\"Baukultur Schweiz\",\"description\":\"My WordPress Blog\",\"potentialAction\":[{\"@type\":\"SearchAction\",\"target\":{\"@type\":\"EntryPoint\",\"urlTemplate\":\"https:\/\/baukulturschweiz.ch\/de\/?s={search_term_string}\"},\"query-input\":{\"@type\":\"PropertyValueSpecification\",\"valueRequired\":true,\"valueName\":\"search_term_string\"}}],\"inLanguage\":\"en-GB\"}]}<\/script>\n<!-- \/ Yoast SEO plugin. -->","yoast_head_json":{"title":"Haftungsausschluss &#8211; Baukultur Schweiz","robots":{"index":"index","follow":"follow","max-snippet":"max-snippet:-1","max-image-preview":"max-image-preview:large","max-video-preview":"max-video-preview:-1"},"canonical":"https:\/\/baukulturschweiz.ch\/en\/exclusion-of-liability\/","og_locale":"en_GB","og_type":"article","og_title":"Haftungsausschluss &#8211; Baukultur Schweiz","og_description":"KontaktBaukultur Schweizc\/o SIASchweizerischer Ingenieur- und ArchitektenvereinSelnaustrasse 168027 Z\u00fcrichSchweiz Telefon: +41 44 283 15 15E-Mail: baukultur@sia.chWebSite: baukulturschweiz.ch Inhalt des OnlineangebotesDer Autor \u00fcbernimmt keine Gew\u00e4hr f\u00fcr die Aktualit\u00e4t, Korrektheit und Vollst\u00e4ndigkeit der auf diesen Seiten bereitgestellten Informationen. Grunds\u00e4tzlich ausgeschlossen werden Haftungsanspr\u00fcche gegen den Autor dieser Seiten, die sich auf Sch\u00e4den materieller oder ideeller Art beziehen und durch [&hellip;]","og_url":"https:\/\/baukulturschweiz.ch\/en\/exclusion-of-liability\/","og_site_name":"Baukultur Schweiz","article_modified_time":"2024-01-24T07:52:22+00:00","twitter_card":"summary_large_image","twitter_misc":{"Estimated reading time":"12 minutes"},"schema":{"@context":"https:\/\/schema.org","@graph":[{"@type":"WebPage","@id":"https:\/\/baukulturschweiz.ch\/haftungsausschluss\/","url":"https:\/\/baukulturschweiz.ch\/haftungsausschluss\/","name":"Haftungsausschluss &#8211; Baukultur Schweiz","isPartOf":{"@id":"https:\/\/baukulturschweiz.ch\/de\/#website"},"datePublished":"2023-04-05T12:57:16+00:00","dateModified":"2024-01-24T07:52:22+00:00","breadcrumb":{"@id":"https:\/\/baukulturschweiz.ch\/haftungsausschluss\/#breadcrumb"},"inLanguage":"en-GB","potentialAction":[{"@type":"ReadAction","target":["https:\/\/baukulturschweiz.ch\/haftungsausschluss\/"]}]},{"@type":"BreadcrumbList","@id":"https:\/\/baukulturschweiz.ch\/haftungsausschluss\/#breadcrumb","itemListElement":[{"@type":"ListItem","position":1,"name":"Startseite","item":"https:\/\/baukulturschweiz.ch\/"},{"@type":"ListItem","position":2,"name":"Haftungsausschluss"}]},{"@type":"WebSite","@id":"https:\/\/baukulturschweiz.ch\/de\/#website","url":"https:\/\/baukulturschweiz.ch\/de\/","name":"Baukultur Switzerland","description":"My WordPress Blog","potentialAction":[{"@type":"SearchAction","target":{"@type":"EntryPoint","urlTemplate":"https:\/\/baukulturschweiz.ch\/de\/?s={search_term_string}"},"query-input":{"@type":"PropertyValueSpecification","valueRequired":true,"valueName":"search_term_string"}}],"inLanguage":"en-GB"}]}},"_links":{"self":[{"href":"https:\/\/baukulturschweiz.ch\/en\/wp-json\/wp\/v2\/pages\/126","targetHints":{"allow":["GET"]}}],"collection":[{"href":"https:\/\/baukulturschweiz.ch\/en\/wp-json\/wp\/v2\/pages"}],"about":[{"href":"https:\/\/baukulturschweiz.ch\/en\/wp-json\/wp\/v2\/types\/page"}],"author":[{"embeddable":true,"href":"https:\/\/baukulturschweiz.ch\/en\/wp-json\/wp\/v2\/users\/1"}],"replies":[{"embeddable":true,"href":"https:\/\/baukulturschweiz.ch\/en\/wp-json\/wp\/v2\/comments?post=126"}],"version-history":[{"count":32,"href":"https:\/\/baukulturschweiz.ch\/en\/wp-json\/wp\/v2\/pages\/126\/revisions"}],"predecessor-version":[{"id":3007,"href":"https:\/\/baukulturschweiz.ch\/en\/wp-json\/wp\/v2\/pages\/126\/revisions\/3007"}],"wp:attachment":[{"href":"https:\/\/baukulturschweiz.ch\/en\/wp-json\/wp\/v2\/media?parent=126"}],"curies":[{"name":"wp","href":"https:\/\/api.w.org\/{rel}","templated":true}]}}