{"id":107,"date":"2023-03-27T08:40:18","date_gmt":"2023-03-27T08:40:18","guid":{"rendered":"http:\/\/baukultur.dclabs.ch\/?page_id=107"},"modified":"2025-10-16T15:45:42","modified_gmt":"2025-10-16T13:45:42","slug":"newsletter","status":"publish","type":"page","link":"https:\/\/baukulturschweiz.ch\/en\/newsletter\/","title":{"rendered":"Subscribe to the newsletter"},"content":{"rendered":"<div data-elementor-type=\"wp-page\" data-elementor-id=\"107\" class=\"elementor elementor-107\" data-elementor-post-type=\"page\">\n\t\t\t\t<div class=\"elementor-element elementor-element-3ade6b5 u-sidePadding e-flex e-con-boxed e-con e-parent\" data-id=\"3ade6b5\" data-element_type=\"container\" data-no-translation=\"\">\n\t\t\t\t\t<div class=\"e-con-inner\">\n\t\t\t\t<div class=\"elementor-element elementor-element-87e5b19 u-leadText elementor-widget elementor-widget-text-editor\" data-id=\"87e5b19\" data-element_type=\"widget\" data-widget_type=\"text-editor.default\">\n\t\t\t\t<div class=\"elementor-widget-container\">\n\t\t\t\t\t\t\t\t\t<p>The newsletter of Baukultur Switzerland offers insights into current discussions and activities on the topic of Baukultur. It is published twice a year in German and in French. Subscribe to the newsletter and stay up to date.<\/p><p>Subscribe to the <a class=\"\" title=\"newsletter in German\" href=\"https:\/\/baukulturschweiz.ch\/de\/newsletter\/\" rel=\"noopener\">newsletter in German<\/a><br \/>Subscribe to the <a class=\"\" title=\"newsletter in French\" href=\"https:\/\/baukulturschweiz.ch\/fr\/newsletter\/\" rel=\"noopener\">newsletter in French<\/a><\/p>\t\t\t\t\t\t\t\t<\/div>\n\t\t\t\t<\/div>\n\t\t\t\t\t<\/div>\n\t\t\t\t<\/div>\n\t\t\t\t<\/div>","protected":false},"excerpt":{"rendered":"<p>Der Baukultur Schweiz Newsletter ist kostenlos und informiert \u00fcber Fachartikel, Cases, aktuelle Vernehmlassungen zu Normen, Neuigkeiten aus dem Baukultur Bereich. Bitte f\u00fcllen Sie alle Pflichtfelder die mit * markiert sind aus. Anredeart * &#8212; Bitte w\u00e4hlen &#8212;HerrFrauDiversFamilieFirma Vorname * Nachname * E-Mail Adresse * Organisation Alle Informationen zum Datenschutz erhalten Sie in unserer Datenschutzerkl\u00e4rung. La [&hellip;]<\/p>","protected":false},"author":1,"featured_media":0,"parent":0,"menu_order":0,"comment_status":"closed","ping_status":"closed","template":"","meta":{"_acf_changed":false,"_relevanssi_hide_post":"","_relevanssi_hide_content":"","_relevanssi_pin_for_all":"","_relevanssi_pin_keywords":"","_relevanssi_unpin_keywords":"","_relevanssi_related_keywords":"","_relevanssi_related_include_ids":"","_relevanssi_related_exclude_ids":"","_relevanssi_related_no_append":"","_relevanssi_related_not_related":"","_relevanssi_related_posts":"","_relevanssi_noindex_reason":"","footnotes":""},"class_list":["post-107","page","type-page","status-publish","hentry"],"acf":[],"yoast_head":"<!-- This site is optimized with the Yoast SEO plugin v26.1.1 - https:\/\/yoast.com\/wordpress\/plugins\/seo\/ -->\n<title>Newsletter abonnieren &#8211; Baukultur Schweiz<\/title>\n<meta name=\"robots\" content=\"index, follow, max-snippet:-1, max-image-preview:large, max-video-preview:-1\" \/>\n<link rel=\"canonical\" href=\"https:\/\/baukulturschweiz.ch\/en\/newsletter\/\" \/>\n<meta property=\"og:locale\" content=\"en_GB\" \/>\n<meta property=\"og:type\" content=\"article\" \/>\n<meta property=\"og:title\" content=\"Newsletter abonnieren &#8211; Baukultur Schweiz\" \/>\n<meta property=\"og:description\" content=\"Der Baukultur Schweiz Newsletter ist kostenlos und informiert \u00fcber Fachartikel, Cases, aktuelle Vernehmlassungen zu Normen, Neuigkeiten aus dem Baukultur Bereich. Bitte f\u00fcllen Sie alle Pflichtfelder die mit * markiert sind aus. Anredeart * &#8212; Bitte w\u00e4hlen &#8212;HerrFrauDiversFamilieFirma Vorname * Nachname * E-Mail Adresse * Organisation Alle Informationen zum Datenschutz erhalten Sie in unserer Datenschutzerkl\u00e4rung. La [&hellip;]\" \/>\n<meta property=\"og:url\" content=\"https:\/\/baukulturschweiz.ch\/en\/newsletter\/\" \/>\n<meta property=\"og:site_name\" content=\"Baukultur Schweiz\" \/>\n<meta property=\"article:modified_time\" content=\"2025-10-16T13:45:42+00:00\" \/>\n<meta name=\"twitter:card\" content=\"summary_large_image\" \/>\n<meta name=\"twitter:label1\" content=\"Estimated reading time\" \/>\n\t<meta name=\"twitter:data1\" content=\"2 minutes\" \/>\n<script type=\"application\/ld+json\" class=\"yoast-schema-graph\">{\"@context\":\"https:\/\/schema.org\",\"@graph\":[{\"@type\":\"WebPage\",\"@id\":\"https:\/\/baukulturschweiz.ch\/newsletter\/\",\"url\":\"https:\/\/baukulturschweiz.ch\/newsletter\/\",\"name\":\"Newsletter abonnieren &#8211; Baukultur Schweiz\",\"isPartOf\":{\"@id\":\"https:\/\/baukulturschweiz.ch\/de\/#website\"},\"datePublished\":\"2023-03-27T08:40:18+00:00\",\"dateModified\":\"2025-10-16T13:45:42+00:00\",\"breadcrumb\":{\"@id\":\"https:\/\/baukulturschweiz.ch\/newsletter\/#breadcrumb\"},\"inLanguage\":\"en-GB\",\"potentialAction\":[{\"@type\":\"ReadAction\",\"target\":[\"https:\/\/baukulturschweiz.ch\/newsletter\/\"]}]},{\"@type\":\"BreadcrumbList\",\"@id\":\"https:\/\/baukulturschweiz.ch\/newsletter\/#breadcrumb\",\"itemListElement\":[{\"@type\":\"ListItem\",\"position\":1,\"name\":\"Startseite\",\"item\":\"https:\/\/baukulturschweiz.ch\/\"},{\"@type\":\"ListItem\",\"position\":2,\"name\":\"Newsletter abonnieren\"}]},{\"@type\":\"WebSite\",\"@id\":\"https:\/\/baukulturschweiz.ch\/de\/#website\",\"url\":\"https:\/\/baukulturschweiz.ch\/de\/\",\"name\":\"Baukultur Schweiz\",\"description\":\"My WordPress Blog\",\"potentialAction\":[{\"@type\":\"SearchAction\",\"target\":{\"@type\":\"EntryPoint\",\"urlTemplate\":\"https:\/\/baukulturschweiz.ch\/de\/?s={search_term_string}\"},\"query-input\":{\"@type\":\"PropertyValueSpecification\",\"valueRequired\":true,\"valueName\":\"search_term_string\"}}],\"inLanguage\":\"en-GB\"}]}<\/script>\n<!-- \/ Yoast SEO plugin. -->","yoast_head_json":{"title":"Newsletter abonnieren &#8211; Baukultur Schweiz","robots":{"index":"index","follow":"follow","max-snippet":"max-snippet:-1","max-image-preview":"max-image-preview:large","max-video-preview":"max-video-preview:-1"},"canonical":"https:\/\/baukulturschweiz.ch\/en\/newsletter\/","og_locale":"en_GB","og_type":"article","og_title":"Newsletter abonnieren &#8211; Baukultur Schweiz","og_description":"Der Baukultur Schweiz Newsletter ist kostenlos und informiert \u00fcber Fachartikel, Cases, aktuelle Vernehmlassungen zu Normen, Neuigkeiten aus dem Baukultur Bereich. Bitte f\u00fcllen Sie alle Pflichtfelder die mit * markiert sind aus. Anredeart * &#8212; Bitte w\u00e4hlen &#8212;HerrFrauDiversFamilieFirma Vorname * Nachname * E-Mail Adresse * Organisation Alle Informationen zum Datenschutz erhalten Sie in unserer Datenschutzerkl\u00e4rung. La [&hellip;]","og_url":"https:\/\/baukulturschweiz.ch\/en\/newsletter\/","og_site_name":"Baukultur Schweiz","article_modified_time":"2025-10-16T13:45:42+00:00","twitter_card":"summary_large_image","twitter_misc":{"Estimated reading time":"2 minutes"},"schema":{"@context":"https:\/\/schema.org","@graph":[{"@type":"WebPage","@id":"https:\/\/baukulturschweiz.ch\/newsletter\/","url":"https:\/\/baukulturschweiz.ch\/newsletter\/","name":"Newsletter abonnieren &#8211; Baukultur Schweiz","isPartOf":{"@id":"https:\/\/baukulturschweiz.ch\/de\/#website"},"datePublished":"2023-03-27T08:40:18+00:00","dateModified":"2025-10-16T13:45:42+00:00","breadcrumb":{"@id":"https:\/\/baukulturschweiz.ch\/newsletter\/#breadcrumb"},"inLanguage":"en-GB","potentialAction":[{"@type":"ReadAction","target":["https:\/\/baukulturschweiz.ch\/newsletter\/"]}]},{"@type":"BreadcrumbList","@id":"https:\/\/baukulturschweiz.ch\/newsletter\/#breadcrumb","itemListElement":[{"@type":"ListItem","position":1,"name":"Startseite","item":"https:\/\/baukulturschweiz.ch\/"},{"@type":"ListItem","position":2,"name":"Newsletter abonnieren"}]},{"@type":"WebSite","@id":"https:\/\/baukulturschweiz.ch\/de\/#website","url":"https:\/\/baukulturschweiz.ch\/de\/","name":"Baukultur Switzerland","description":"My WordPress Blog","potentialAction":[{"@type":"SearchAction","target":{"@type":"EntryPoint","urlTemplate":"https:\/\/baukulturschweiz.ch\/de\/?s={search_term_string}"},"query-input":{"@type":"PropertyValueSpecification","valueRequired":true,"valueName":"search_term_string"}}],"inLanguage":"en-GB"}]}},"_links":{"self":[{"href":"https:\/\/baukulturschweiz.ch\/en\/wp-json\/wp\/v2\/pages\/107","targetHints":{"allow":["GET"]}}],"collection":[{"href":"https:\/\/baukulturschweiz.ch\/en\/wp-json\/wp\/v2\/pages"}],"about":[{"href":"https:\/\/baukulturschweiz.ch\/en\/wp-json\/wp\/v2\/types\/page"}],"author":[{"embeddable":true,"href":"https:\/\/baukulturschweiz.ch\/en\/wp-json\/wp\/v2\/users\/1"}],"replies":[{"embeddable":true,"href":"https:\/\/baukulturschweiz.ch\/en\/wp-json\/wp\/v2\/comments?post=107"}],"version-history":[{"count":147,"href":"https:\/\/baukulturschweiz.ch\/en\/wp-json\/wp\/v2\/pages\/107\/revisions"}],"predecessor-version":[{"id":5337,"href":"https:\/\/baukulturschweiz.ch\/en\/wp-json\/wp\/v2\/pages\/107\/revisions\/5337"}],"wp:attachment":[{"href":"https:\/\/baukulturschweiz.ch\/en\/wp-json\/wp\/v2\/media?parent=107"}],"curies":[{"name":"wp","href":"https:\/\/api.w.org\/{rel}","templated":true}]}}