{"id":107,"date":"2023-03-27T08:40:18","date_gmt":"2023-03-27T08:40:18","guid":{"rendered":"http:\/\/baukultur.dclabs.ch\/?page_id=107"},"modified":"2025-10-16T15:45:42","modified_gmt":"2025-10-16T13:45:42","slug":"newsletter","status":"publish","type":"page","link":"https:\/\/baukulturschweiz.ch\/de\/newsletter\/","title":{"rendered":"Newsletter abonnieren"},"content":{"rendered":"\t\t<div data-elementor-type=\"wp-page\" data-elementor-id=\"107\" class=\"elementor elementor-107\" data-elementor-post-type=\"page\">\n\t\t\t\t<div class=\"elementor-element elementor-element-a714280 u-sidePadding e-flex e-con-boxed e-con e-parent\" data-id=\"a714280\" data-element_type=\"container\" data-no-translation=\"\">\n\t\t\t\t\t<div class=\"e-con-inner\">\n\t\t\t\t<div class=\"elementor-element elementor-element-b9a911b o-dcwiForm elementor-widget elementor-widget-html\" data-id=\"b9a911b\" data-element_type=\"widget\" data-widget_type=\"html.default\">\n\t\t\t\t<div class=\"elementor-widget-container\">\n\t\t\t\t\t<form data-form-language=\"de\" id=\"contact_form_1_de\"\n      class=\"contact_form contact_form_de validate_type_all contact_form_cols_1\"\n      action=\"\/\/web.swissnewsletter.ch\/e\/7813fb3ceba283ab\/form\/de\/anmeldeformular_de.html\"\n      method=\"post\" novalidate=\"novalidate\">\n    <ul class=\"field_errors\"><\/ul>\n    <div class=\"col_0\">\n        <p class=\"text u-leadText u-noMargin\" id=\"text_2\">Der Baukultur Schweiz Newsletter ist kostenlos und informiert\n            \u00fcber Fachartikel, Cases, aktuelle Vernehmlassungen zu Normen, Neuigkeiten aus dem Baukultur Bereich.<br\/>\n            Bitte f\u00fcllen Sie alle Pflichtfelder die mit * markiert sind aus.<\/p>\n        <div class=\"line\" id=\"line_4\"><\/div>\n        <div class=\"field_container contact_field_container\"\n             id=\"contact_field_title_container\">\n            <label for=\"data_contact_title\">Anredeart <span class=\"required\">*<\/span><\/label>\n            <ul class=\"field_errors\"><\/ul>\n            <select id=\"data_contact_title\" name=\"data[contact][title]\" required=\"required\">\n                <option value=\"\" selected=\"selected\">-- Bitte w\u00e4hlen --<\/option>\n                <option value=\"male\">Herr<\/option>\n                <option value=\"female\">Frau<\/option>\n                <option value=\"diverse\">Divers<\/option>\n                <option value=\"family\">Familie<\/option>\n                <option value=\"company\">Firma<\/option>\n            <\/select>\n        <\/div>\n        <div class=\"field_container contact_field_container\"\n             id=\"contact_field_firstname_container\">\n            <label for=\"data_contact_firstname\">Vorname <span class=\"required\">*<\/span><\/label>\n            <ul class=\"field_errors\"><\/ul>\n            <input type=\"text\" id=\"data_contact_firstname\" name=\"data[contact][firstname]\" required=\"required\">\n        <\/div>\n        <div class=\"field_container contact_field_container\"\n             id=\"contact_field_lastname_container\">\n            <label for=\"data_contact_lastname\">Nachname <span class=\"required\">*<\/span><\/label>\n            <ul class=\"field_errors\"><\/ul>\n            <input type=\"text\" id=\"data_contact_lastname\" name=\"data[contact][lastname]\" required=\"required\">\n        <\/div>\n        <div class=\"field_container contact_field_container\"\n             id=\"contact_field_email_container\">\n            <label for=\"data_contact_email\">E-Mail Adresse <span class=\"required\">*<\/span><\/label>\n            <ul class=\"field_errors\"><\/ul>\n            <input type=\"text\" id=\"data_contact_email\" name=\"data[contact][email]\" required=\"required\">\n        <\/div>\n        <div class=\"field_container contact_field_container\"\n             id=\"contact_field_company_container\">\n            <label for=\"data_contact_company\">Organisation<\/label>\n            <ul class=\"field_errors\"><\/ul>\n            <input type=\"text\" id=\"data_contact_company\" name=\"data[contact][company]\">\n        <\/div>\n        <div class=\"submit_container\">\n            <input class=\"submit_button\" id=\"submit_button_9\" type=\"submit\" value=\"Abschicken\">\n        <\/div>\n        <div class=\"line\" id=\"line_5\"><\/div>\n        <p class=\"text\" id=\"text_3\">Alle Informationen zum Datenschutz erhalten Sie in unserer <a\n                href=\"https:\/\/baukulturschweiz.ch\/de\/datenschutzerklaerung\/\" target=\"_blank\">Datenschutzerkl\u00e4rung<\/a>.\n        <\/p>\n    <\/div>\n    <input type=\"hidden\" id=\"data_form_version\" name=\"data[form_version]\" value=\"5_0\">\n    <input type=\"hidden\" id=\"data_referrer\" name=\"data[referrer]\">\n    <input type=\"hidden\" id=\"data_form_validate_data\" name=\"form_validate_data\"\n           value='{\"data_contact_title\":{\"constrains\":{\"required\":true},\"transformer\":\"select\"},\"data_contact_email\":{\"constrains\":{\"required\":true}},\"data_contact_company\":{\"constrains\":[]},\"data_contact_firstname\":{\"constrains\":{\"required\":true}},\"data_contact_lastname\":{\"constrains\":{\"required\":true}}}'>\n    <input type=\"hidden\" id=\"data_form_id\" name=\"data[form_id]\" value=\"1\">\n    <input type=\"hidden\" id=\"data_form_language\" name=\"data[form_language]\" value=\"de\">\n\n    <script type=\"text\/javascript\">\n        var inputReferrer = document.getElementById('data_referrer');\n        if (inputReferrer) {\n            inputReferrer.value = window.location.href;\n        }\n    <\/script>\n<\/form>\t\t\t\t<\/div>\n\t\t\t\t<\/div>\n\t\t\t\t\t<\/div>\n\t\t\t\t<\/div>\n\t\t\t\t<\/div>\n\t\t","protected":false},"excerpt":{"rendered":"<p>Der Baukultur Schweiz Newsletter ist kostenlos und informiert \u00fcber Fachartikel, Cases, aktuelle Vernehmlassungen zu Normen, Neuigkeiten aus dem Baukultur Bereich. Bitte f\u00fcllen Sie alle Pflichtfelder die mit * markiert sind aus. Anredeart * &#8212; Bitte w\u00e4hlen &#8212;HerrFrauDiversFamilieFirma Vorname * Nachname * E-Mail Adresse * Organisation Alle Informationen zum Datenschutz erhalten Sie in unserer Datenschutzerkl\u00e4rung. La [&hellip;]<\/p>\n","protected":false},"author":1,"featured_media":0,"parent":0,"menu_order":0,"comment_status":"closed","ping_status":"closed","template":"","meta":{"_acf_changed":false,"_relevanssi_hide_post":"","_relevanssi_hide_content":"","_relevanssi_pin_for_all":"","_relevanssi_pin_keywords":"","_relevanssi_unpin_keywords":"","_relevanssi_related_keywords":"","_relevanssi_related_include_ids":"","_relevanssi_related_exclude_ids":"","_relevanssi_related_no_append":"","_relevanssi_related_not_related":"","_relevanssi_related_posts":"","_relevanssi_noindex_reason":"","footnotes":""},"class_list":["post-107","page","type-page","status-publish","hentry"],"acf":[],"yoast_head":"<!-- This site is optimized with the Yoast SEO plugin v26.1.1 - https:\/\/yoast.com\/wordpress\/plugins\/seo\/ -->\n<title>Newsletter abonnieren &#8211; Baukultur Schweiz<\/title>\n<meta name=\"robots\" content=\"index, follow, max-snippet:-1, max-image-preview:large, max-video-preview:-1\" \/>\n<link rel=\"canonical\" href=\"https:\/\/baukulturschweiz.ch\/de\/newsletter\/\" \/>\n<meta property=\"og:locale\" content=\"de_DE\" \/>\n<meta property=\"og:type\" content=\"article\" \/>\n<meta property=\"og:title\" content=\"Newsletter abonnieren &#8211; Baukultur Schweiz\" \/>\n<meta property=\"og:description\" content=\"Der Baukultur Schweiz Newsletter ist kostenlos und informiert \u00fcber Fachartikel, Cases, aktuelle Vernehmlassungen zu Normen, Neuigkeiten aus dem Baukultur Bereich. Bitte f\u00fcllen Sie alle Pflichtfelder die mit * markiert sind aus. Anredeart * &#8212; Bitte w\u00e4hlen &#8212;HerrFrauDiversFamilieFirma Vorname * Nachname * E-Mail Adresse * Organisation Alle Informationen zum Datenschutz erhalten Sie in unserer Datenschutzerkl\u00e4rung. La [&hellip;]\" \/>\n<meta property=\"og:url\" content=\"https:\/\/baukulturschweiz.ch\/de\/newsletter\/\" \/>\n<meta property=\"og:site_name\" content=\"Baukultur Schweiz\" \/>\n<meta property=\"article:modified_time\" content=\"2025-10-16T13:45:42+00:00\" \/>\n<meta name=\"twitter:card\" content=\"summary_large_image\" \/>\n<meta name=\"twitter:label1\" content=\"Gesch\u00e4tzte Lesezeit\" \/>\n\t<meta name=\"twitter:data1\" content=\"2\u00a0Minuten\" \/>\n<script type=\"application\/ld+json\" class=\"yoast-schema-graph\">{\"@context\":\"https:\/\/schema.org\",\"@graph\":[{\"@type\":\"WebPage\",\"@id\":\"https:\/\/baukulturschweiz.ch\/newsletter\/\",\"url\":\"https:\/\/baukulturschweiz.ch\/newsletter\/\",\"name\":\"Newsletter abonnieren &#8211; Baukultur Schweiz\",\"isPartOf\":{\"@id\":\"https:\/\/baukulturschweiz.ch\/de\/#website\"},\"datePublished\":\"2023-03-27T08:40:18+00:00\",\"dateModified\":\"2025-10-16T13:45:42+00:00\",\"breadcrumb\":{\"@id\":\"https:\/\/baukulturschweiz.ch\/newsletter\/#breadcrumb\"},\"inLanguage\":\"de\",\"potentialAction\":[{\"@type\":\"ReadAction\",\"target\":[\"https:\/\/baukulturschweiz.ch\/newsletter\/\"]}]},{\"@type\":\"BreadcrumbList\",\"@id\":\"https:\/\/baukulturschweiz.ch\/newsletter\/#breadcrumb\",\"itemListElement\":[{\"@type\":\"ListItem\",\"position\":1,\"name\":\"Startseite\",\"item\":\"https:\/\/baukulturschweiz.ch\/\"},{\"@type\":\"ListItem\",\"position\":2,\"name\":\"Newsletter abonnieren\"}]},{\"@type\":\"WebSite\",\"@id\":\"https:\/\/baukulturschweiz.ch\/de\/#website\",\"url\":\"https:\/\/baukulturschweiz.ch\/de\/\",\"name\":\"Baukultur Schweiz\",\"description\":\"My WordPress Blog\",\"potentialAction\":[{\"@type\":\"SearchAction\",\"target\":{\"@type\":\"EntryPoint\",\"urlTemplate\":\"https:\/\/baukulturschweiz.ch\/de\/?s={search_term_string}\"},\"query-input\":{\"@type\":\"PropertyValueSpecification\",\"valueRequired\":true,\"valueName\":\"search_term_string\"}}],\"inLanguage\":\"de\"}]}<\/script>\n<!-- \/ Yoast SEO plugin. -->","yoast_head_json":{"title":"Newsletter abonnieren &#8211; Baukultur Schweiz","robots":{"index":"index","follow":"follow","max-snippet":"max-snippet:-1","max-image-preview":"max-image-preview:large","max-video-preview":"max-video-preview:-1"},"canonical":"https:\/\/baukulturschweiz.ch\/de\/newsletter\/","og_locale":"de_DE","og_type":"article","og_title":"Newsletter abonnieren &#8211; Baukultur Schweiz","og_description":"Der Baukultur Schweiz Newsletter ist kostenlos und informiert \u00fcber Fachartikel, Cases, aktuelle Vernehmlassungen zu Normen, Neuigkeiten aus dem Baukultur Bereich. Bitte f\u00fcllen Sie alle Pflichtfelder die mit * markiert sind aus. Anredeart * &#8212; Bitte w\u00e4hlen &#8212;HerrFrauDiversFamilieFirma Vorname * Nachname * E-Mail Adresse * Organisation Alle Informationen zum Datenschutz erhalten Sie in unserer Datenschutzerkl\u00e4rung. La [&hellip;]","og_url":"https:\/\/baukulturschweiz.ch\/de\/newsletter\/","og_site_name":"Baukultur Schweiz","article_modified_time":"2025-10-16T13:45:42+00:00","twitter_card":"summary_large_image","twitter_misc":{"Gesch\u00e4tzte Lesezeit":"2\u00a0Minuten"},"schema":{"@context":"https:\/\/schema.org","@graph":[{"@type":"WebPage","@id":"https:\/\/baukulturschweiz.ch\/newsletter\/","url":"https:\/\/baukulturschweiz.ch\/newsletter\/","name":"Newsletter abonnieren &#8211; Baukultur Schweiz","isPartOf":{"@id":"https:\/\/baukulturschweiz.ch\/de\/#website"},"datePublished":"2023-03-27T08:40:18+00:00","dateModified":"2025-10-16T13:45:42+00:00","breadcrumb":{"@id":"https:\/\/baukulturschweiz.ch\/newsletter\/#breadcrumb"},"inLanguage":"de","potentialAction":[{"@type":"ReadAction","target":["https:\/\/baukulturschweiz.ch\/newsletter\/"]}]},{"@type":"BreadcrumbList","@id":"https:\/\/baukulturschweiz.ch\/newsletter\/#breadcrumb","itemListElement":[{"@type":"ListItem","position":1,"name":"Startseite","item":"https:\/\/baukulturschweiz.ch\/"},{"@type":"ListItem","position":2,"name":"Newsletter abonnieren"}]},{"@type":"WebSite","@id":"https:\/\/baukulturschweiz.ch\/de\/#website","url":"https:\/\/baukulturschweiz.ch\/de\/","name":"Baukultur Schweiz","description":"My WordPress Blog","potentialAction":[{"@type":"SearchAction","target":{"@type":"EntryPoint","urlTemplate":"https:\/\/baukulturschweiz.ch\/de\/?s={search_term_string}"},"query-input":{"@type":"PropertyValueSpecification","valueRequired":true,"valueName":"search_term_string"}}],"inLanguage":"de"}]}},"_links":{"self":[{"href":"https:\/\/baukulturschweiz.ch\/de\/wp-json\/wp\/v2\/pages\/107","targetHints":{"allow":["GET"]}}],"collection":[{"href":"https:\/\/baukulturschweiz.ch\/de\/wp-json\/wp\/v2\/pages"}],"about":[{"href":"https:\/\/baukulturschweiz.ch\/de\/wp-json\/wp\/v2\/types\/page"}],"author":[{"embeddable":true,"href":"https:\/\/baukulturschweiz.ch\/de\/wp-json\/wp\/v2\/users\/1"}],"replies":[{"embeddable":true,"href":"https:\/\/baukulturschweiz.ch\/de\/wp-json\/wp\/v2\/comments?post=107"}],"version-history":[{"count":147,"href":"https:\/\/baukulturschweiz.ch\/de\/wp-json\/wp\/v2\/pages\/107\/revisions"}],"predecessor-version":[{"id":5337,"href":"https:\/\/baukulturschweiz.ch\/de\/wp-json\/wp\/v2\/pages\/107\/revisions\/5337"}],"wp:attachment":[{"href":"https:\/\/baukulturschweiz.ch\/de\/wp-json\/wp\/v2\/media?parent=107"}],"curies":[{"name":"wp","href":"https:\/\/api.w.org\/{rel}","templated":true}]}}